{"id":130,"date":"2025-02-03T12:45:31","date_gmt":"2025-02-03T11:45:31","guid":{"rendered":"https:\/\/kangouroukit.com\/new\/?page_id=130"},"modified":"2025-02-03T12:45:31","modified_gmt":"2025-02-03T11:45:31","slug":"voyage-2017","status":"publish","type":"page","link":"https:\/\/kangouroukit.com\/?page_id=130","title":{"rendered":"Voyage 2017"},"content":{"rendered":"\n<h2 class=\"wp-block-heading has-text-align-center\">Retour sur le voyage 2017<\/h2>\n\n\n\n<div class=\"wp-block-columns is-layout-flex wp-container-core-columns-is-layout-28f84493 wp-block-columns-is-layout-flex\">\n<div class=\"wp-block-column is-layout-flow wp-block-column-is-layout-flow\">\n<div class=\"wp-block-columns is-layout-flex wp-container-core-columns-is-layout-28f84493 wp-block-columns-is-layout-flex\">\n<div class=\"wp-block-column is-layout-flow wp-block-column-is-layout-flow\" style=\"flex-basis:33.33%\">\n<figure class=\"wp-block-image alignright size-large is-resized\"><img loading=\"lazy\" decoding=\"async\" width=\"1024\" height=\"993\" src=\"https:\/\/kangouroukit.com\/new\/wp-content\/uploads\/2025\/02\/picto-voyages1-1024x993.png\" alt=\"\" class=\"wp-image-131\" style=\"width:87px;height:auto\" srcset=\"https:\/\/kangouroukit.com\/wp-content\/uploads\/2025\/02\/picto-voyages1-1024x993.png 1024w, https:\/\/kangouroukit.com\/wp-content\/uploads\/2025\/02\/picto-voyages1-300x291.png 300w, https:\/\/kangouroukit.com\/wp-content\/uploads\/2025\/02\/picto-voyages1-768x745.png 768w, https:\/\/kangouroukit.com\/wp-content\/uploads\/2025\/02\/picto-voyages1.png 1117w\" sizes=\"auto, (max-width: 1024px) 100vw, 1024px\" \/><\/figure>\n<\/div>\n\n\n\n<div class=\"wp-block-column is-layout-flow wp-block-column-is-layout-flow\" style=\"flex-basis:66.66%\">\n<p>Apr\u00e8s une campagne de collecte de fonds et sponsoris\u00e9e par l\u2019entreprise Jazzitup pour l\u2019achat des sacs oranges, la belle aventure commence : direction Pointe-Noire au bord de l\u2019Atlantique.<\/p>\n<\/div>\n<\/div>\n\n\n\n<div class=\"wp-block-columns is-layout-flex wp-container-core-columns-is-layout-28f84493 wp-block-columns-is-layout-flex\">\n<div class=\"wp-block-column is-layout-flow wp-block-column-is-layout-flow\" style=\"flex-basis:33.33%\">\n<figure class=\"wp-block-image alignright size-full is-resized\"><img loading=\"lazy\" decoding=\"async\" width=\"996\" height=\"863\" src=\"https:\/\/kangouroukit.com\/new\/wp-content\/uploads\/2025\/02\/picto-medic.png\" alt=\"\" class=\"wp-image-132\" style=\"width:87px;height:auto\" srcset=\"https:\/\/kangouroukit.com\/wp-content\/uploads\/2025\/02\/picto-medic.png 996w, https:\/\/kangouroukit.com\/wp-content\/uploads\/2025\/02\/picto-medic-300x260.png 300w, https:\/\/kangouroukit.com\/wp-content\/uploads\/2025\/02\/picto-medic-768x665.png 768w\" sizes=\"auto, (max-width: 996px) 100vw, 996px\" \/><\/figure>\n<\/div>\n\n\n\n<div class=\"wp-block-column is-layout-flow wp-block-column-is-layout-flow\" style=\"flex-basis:66.66%\">\n<p>La collaboration de Mme Louzolo Jeanne Catherine travaillant dans une grande agence pharmaceutique a permis d\u2019\u00eatre fourni en mat\u00e9riel m\u00e9dical de bonne qualit\u00e9 gr\u00e2ce \u00e0 l\u2019argent r\u00e9colt\u00e9 aupr\u00e8s des donateurs.<\/p>\n<\/div>\n<\/div>\n\n\n\n<div class=\"wp-block-columns is-layout-flex wp-container-core-columns-is-layout-28f84493 wp-block-columns-is-layout-flex\">\n<div class=\"wp-block-column is-layout-flow wp-block-column-is-layout-flow\" style=\"flex-basis:33.33%\">\n<figure class=\"wp-block-image alignright size-large is-resized\"><img loading=\"lazy\" decoding=\"async\" width=\"956\" height=\"1024\" src=\"https:\/\/kangouroukit.com\/new\/wp-content\/uploads\/2025\/02\/picto-charity-956x1024.png\" alt=\"\" class=\"wp-image-133\" style=\"width:87px;height:auto\" srcset=\"https:\/\/kangouroukit.com\/wp-content\/uploads\/2025\/02\/picto-charity-956x1024.png 956w, https:\/\/kangouroukit.com\/wp-content\/uploads\/2025\/02\/picto-charity-280x300.png 280w, https:\/\/kangouroukit.com\/wp-content\/uploads\/2025\/02\/picto-charity-768x823.png 768w, https:\/\/kangouroukit.com\/wp-content\/uploads\/2025\/02\/picto-charity-1433x1536.png 1433w, https:\/\/kangouroukit.com\/wp-content\/uploads\/2025\/02\/picto-charity.png 1662w\" sizes=\"auto, (max-width: 956px) 100vw, 956px\" \/><\/figure>\n<\/div>\n\n\n\n<div class=\"wp-block-column is-layout-flow wp-block-column-is-layout-flow\" style=\"flex-basis:66.66%\">\n<p>Nous avons rencontr\u00e9 au centre de sant\u00e9 int\u00e9gr\u00e9 de Siafoumou une sage-femme ayant \u00e0 coeur d\u2019aider son pays et les femmes qu\u2019elle accompagne. Myrella nous a donc aid\u00e9 dans notre campagne humanitaire. Elle \u00e9tait une interm\u00e9diaire m\u00e9dicale et bilingue fran\u00e7ais \/ munukutuba (dialecte le plus utilis\u00e9 dans cette r\u00e9gion du Congo).<\/p>\n<\/div>\n<\/div>\n<\/div>\n\n\n\n<div class=\"wp-block-column is-layout-flow wp-block-column-is-layout-flow\">\n<div class=\"wp-block-columns is-layout-flex wp-container-core-columns-is-layout-28f84493 wp-block-columns-is-layout-flex\">\n<div class=\"wp-block-column is-layout-flow wp-block-column-is-layout-flow\" style=\"flex-basis:33.33%\">\n<figure class=\"wp-block-image alignright size-large is-resized\"><img loading=\"lazy\" decoding=\"async\" width=\"816\" height=\"1024\" src=\"https:\/\/kangouroukit.com\/new\/wp-content\/uploads\/2025\/02\/picto-kit-816x1024.png\" alt=\"\" class=\"wp-image-135\" style=\"width:87px;height:auto\" srcset=\"https:\/\/kangouroukit.com\/wp-content\/uploads\/2025\/02\/picto-kit-816x1024.png 816w, https:\/\/kangouroukit.com\/wp-content\/uploads\/2025\/02\/picto-kit-239x300.png 239w, https:\/\/kangouroukit.com\/wp-content\/uploads\/2025\/02\/picto-kit-768x964.png 768w, https:\/\/kangouroukit.com\/wp-content\/uploads\/2025\/02\/picto-kit.png 929w\" sizes=\"auto, (max-width: 816px) 100vw, 816px\" \/><\/figure>\n<\/div>\n\n\n\n<div class=\"wp-block-column is-layout-flow wp-block-column-is-layout-flow\" style=\"flex-basis:66.66%\">\n<p>Une petite \u00e9quipe nous a aid\u00e9 \u00e0 remplir tous les sacs et la distribution pouvait commencer ! Dans chaque centre de sant\u00e9 int\u00e9gr\u00e9 que nous avons visit\u00e9, les femmes enceintes \u00e9taient convi\u00e9es \u00e0 venir r\u00e9cup\u00e9rer un kit Kangourou Kit. Une petite pr\u00e9sentation de l\u2019association ainsi qu\u2019une explication du contenu du kit \u00e9taient faites. Le mat\u00e9riel en plus \u00e9tait librement donn\u00e9 aux responsables des centres de sant\u00e9.<\/p>\n<\/div>\n<\/div>\n\n\n\n<div class=\"wp-block-columns is-layout-flex wp-container-core-columns-is-layout-28f84493 wp-block-columns-is-layout-flex\">\n<div class=\"wp-block-column is-layout-flow wp-block-column-is-layout-flow\" style=\"flex-basis:33.33%\">\n<figure class=\"wp-block-image alignright size-full is-resized\"><img loading=\"lazy\" decoding=\"async\" width=\"1225\" height=\"1955\" src=\"https:\/\/kangouroukit.com\/new\/wp-content\/uploads\/2025\/02\/picto-enfant.png\" alt=\"\" class=\"wp-image-134\" style=\"width:65px;height:auto\" srcset=\"https:\/\/kangouroukit.com\/wp-content\/uploads\/2025\/02\/picto-enfant.png 1225w, https:\/\/kangouroukit.com\/wp-content\/uploads\/2025\/02\/picto-enfant-188x300.png 188w, https:\/\/kangouroukit.com\/wp-content\/uploads\/2025\/02\/picto-enfant-642x1024.png 642w, https:\/\/kangouroukit.com\/wp-content\/uploads\/2025\/02\/picto-enfant-768x1226.png 768w, https:\/\/kangouroukit.com\/wp-content\/uploads\/2025\/02\/picto-enfant-962x1536.png 962w\" sizes=\"auto, (max-width: 1225px) 100vw, 1225px\" \/><\/figure>\n<\/div>\n\n\n\n<div class=\"wp-block-column is-layout-flow wp-block-column-is-layout-flow\" style=\"flex-basis:66.66%\">\n<p>Le voyage \u00e9tait trop court mais il a permi d\u2019apporter plus de 170 kits aux futures m\u00e8res du Congo ! Apr\u00e8s notre d\u00e9part, beaucoup de b\u00e9b\u00e9s sont n\u00e9s accueillis par les bons soins des sages-femmes et du mat\u00e9riel achet\u00e9 gr\u00e2ce \u00e0 vous.<\/p>\n<\/div>\n<\/div>\n<\/div>\n<\/div>\n\n\n\n<figure class=\"wp-block-gallery aligncenter has-nested-images columns-default is-cropped wp-block-gallery-1 is-layout-flex wp-block-gallery-is-layout-flex\">\n<figure class=\"wp-block-image size-large\"><img loading=\"lazy\" decoding=\"async\" width=\"1024\" height=\"768\" data-id=\"143\" src=\"https:\/\/kangouroukit.com\/new\/wp-content\/uploads\/2025\/02\/trip2017-1-1024x768.jpg\" alt=\"\" class=\"wp-image-143\" srcset=\"https:\/\/kangouroukit.com\/wp-content\/uploads\/2025\/02\/trip2017-1-1024x768.jpg 1024w, https:\/\/kangouroukit.com\/wp-content\/uploads\/2025\/02\/trip2017-1-300x225.jpg 300w, https:\/\/kangouroukit.com\/wp-content\/uploads\/2025\/02\/trip2017-1-768x576.jpg 768w, https:\/\/kangouroukit.com\/wp-content\/uploads\/2025\/02\/trip2017-1.jpg 1200w\" sizes=\"auto, (max-width: 1024px) 100vw, 1024px\" \/><\/figure>\n\n\n\n<figure class=\"wp-block-image size-large\"><img loading=\"lazy\" decoding=\"async\" width=\"1024\" height=\"768\" data-id=\"141\" src=\"https:\/\/kangouroukit.com\/new\/wp-content\/uploads\/2025\/02\/trip2017-2-1024x768.jpg\" alt=\"\" class=\"wp-image-141\" srcset=\"https:\/\/kangouroukit.com\/wp-content\/uploads\/2025\/02\/trip2017-2-1024x768.jpg 1024w, https:\/\/kangouroukit.com\/wp-content\/uploads\/2025\/02\/trip2017-2-300x225.jpg 300w, https:\/\/kangouroukit.com\/wp-content\/uploads\/2025\/02\/trip2017-2-768x576.jpg 768w, https:\/\/kangouroukit.com\/wp-content\/uploads\/2025\/02\/trip2017-2.jpg 1200w\" sizes=\"auto, (max-width: 1024px) 100vw, 1024px\" \/><\/figure>\n\n\n\n<figure class=\"wp-block-image size-large\"><img loading=\"lazy\" decoding=\"async\" width=\"1024\" height=\"768\" data-id=\"139\" src=\"https:\/\/kangouroukit.com\/new\/wp-content\/uploads\/2025\/02\/trip2017-4-1-1024x768.jpg\" alt=\"\" class=\"wp-image-139\" srcset=\"https:\/\/kangouroukit.com\/wp-content\/uploads\/2025\/02\/trip2017-4-1-1024x768.jpg 1024w, https:\/\/kangouroukit.com\/wp-content\/uploads\/2025\/02\/trip2017-4-1-300x225.jpg 300w, https:\/\/kangouroukit.com\/wp-content\/uploads\/2025\/02\/trip2017-4-1-768x576.jpg 768w, https:\/\/kangouroukit.com\/wp-content\/uploads\/2025\/02\/trip2017-4-1.jpg 1200w\" sizes=\"auto, (max-width: 1024px) 100vw, 1024px\" \/><\/figure>\n\n\n\n<figure class=\"wp-block-image size-large\"><img loading=\"lazy\" decoding=\"async\" width=\"1024\" height=\"768\" data-id=\"138\" src=\"https:\/\/kangouroukit.com\/new\/wp-content\/uploads\/2025\/02\/trip2017-5-1024x768.jpg\" alt=\"\" class=\"wp-image-138\" srcset=\"https:\/\/kangouroukit.com\/wp-content\/uploads\/2025\/02\/trip2017-5-1024x768.jpg 1024w, https:\/\/kangouroukit.com\/wp-content\/uploads\/2025\/02\/trip2017-5-300x225.jpg 300w, https:\/\/kangouroukit.com\/wp-content\/uploads\/2025\/02\/trip2017-5-768x576.jpg 768w, https:\/\/kangouroukit.com\/wp-content\/uploads\/2025\/02\/trip2017-5.jpg 1200w\" sizes=\"auto, (max-width: 1024px) 100vw, 1024px\" \/><\/figure>\n\n\n\n<figure class=\"wp-block-image size-large\"><img loading=\"lazy\" decoding=\"async\" width=\"1024\" height=\"768\" data-id=\"140\" src=\"https:\/\/kangouroukit.com\/new\/wp-content\/uploads\/2025\/02\/trip2017-6-1024x768.jpg\" alt=\"\" class=\"wp-image-140\" srcset=\"https:\/\/kangouroukit.com\/wp-content\/uploads\/2025\/02\/trip2017-6-1024x768.jpg 1024w, https:\/\/kangouroukit.com\/wp-content\/uploads\/2025\/02\/trip2017-6-300x225.jpg 300w, https:\/\/kangouroukit.com\/wp-content\/uploads\/2025\/02\/trip2017-6-768x576.jpg 768w, https:\/\/kangouroukit.com\/wp-content\/uploads\/2025\/02\/trip2017-6.jpg 1200w\" sizes=\"auto, (max-width: 1024px) 100vw, 1024px\" \/><\/figure>\n\n\n\n<figure class=\"wp-block-image size-large\"><img loading=\"lazy\" decoding=\"async\" width=\"1024\" height=\"768\" data-id=\"142\" src=\"https:\/\/kangouroukit.com\/new\/wp-content\/uploads\/2025\/02\/trip2017-7-1024x768.jpg\" alt=\"\" class=\"wp-image-142\" srcset=\"https:\/\/kangouroukit.com\/wp-content\/uploads\/2025\/02\/trip2017-7-1024x768.jpg 1024w, https:\/\/kangouroukit.com\/wp-content\/uploads\/2025\/02\/trip2017-7-300x225.jpg 300w, https:\/\/kangouroukit.com\/wp-content\/uploads\/2025\/02\/trip2017-7-768x576.jpg 768w, https:\/\/kangouroukit.com\/wp-content\/uploads\/2025\/02\/trip2017-7.jpg 1200w\" sizes=\"auto, (max-width: 1024px) 100vw, 1024px\" \/><\/figure>\n\n\n\n<figure class=\"wp-block-image size-large\"><img loading=\"lazy\" decoding=\"async\" width=\"1024\" height=\"768\" data-id=\"144\" src=\"https:\/\/kangouroukit.com\/new\/wp-content\/uploads\/2025\/02\/trip2017-8-1024x768.jpg\" alt=\"\" class=\"wp-image-144\" srcset=\"https:\/\/kangouroukit.com\/wp-content\/uploads\/2025\/02\/trip2017-8-1024x768.jpg 1024w, https:\/\/kangouroukit.com\/wp-content\/uploads\/2025\/02\/trip2017-8-300x225.jpg 300w, https:\/\/kangouroukit.com\/wp-content\/uploads\/2025\/02\/trip2017-8-768x576.jpg 768w, https:\/\/kangouroukit.com\/wp-content\/uploads\/2025\/02\/trip2017-8.jpg 1200w\" sizes=\"auto, (max-width: 1024px) 100vw, 1024px\" \/><\/figure>\n\n\n\n<figure class=\"wp-block-image size-large\"><img loading=\"lazy\" decoding=\"async\" width=\"1024\" height=\"768\" data-id=\"145\" src=\"https:\/\/kangouroukit.com\/new\/wp-content\/uploads\/2025\/02\/trip2017-9-1024x768.jpg\" alt=\"\" class=\"wp-image-145\" srcset=\"https:\/\/kangouroukit.com\/wp-content\/uploads\/2025\/02\/trip2017-9-1024x768.jpg 1024w, https:\/\/kangouroukit.com\/wp-content\/uploads\/2025\/02\/trip2017-9-300x225.jpg 300w, https:\/\/kangouroukit.com\/wp-content\/uploads\/2025\/02\/trip2017-9-768x576.jpg 768w, https:\/\/kangouroukit.com\/wp-content\/uploads\/2025\/02\/trip2017-9.jpg 1200w\" sizes=\"auto, (max-width: 1024px) 100vw, 1024px\" \/><\/figure>\n\n\n\n<figure class=\"wp-block-image size-large\"><img loading=\"lazy\" decoding=\"async\" width=\"768\" height=\"1024\" data-id=\"136\" src=\"https:\/\/kangouroukit.com\/new\/wp-content\/uploads\/2025\/02\/trip2017-10-768x1024.jpg\" alt=\"\" class=\"wp-image-136\" srcset=\"https:\/\/kangouroukit.com\/wp-content\/uploads\/2025\/02\/trip2017-10-768x1024.jpg 768w, https:\/\/kangouroukit.com\/wp-content\/uploads\/2025\/02\/trip2017-10-225x300.jpg 225w, https:\/\/kangouroukit.com\/wp-content\/uploads\/2025\/02\/trip2017-10.jpg 810w\" sizes=\"auto, (max-width: 768px) 100vw, 768px\" \/><\/figure>\n\n\n\n<figure class=\"wp-block-image size-large\"><img loading=\"lazy\" decoding=\"async\" width=\"768\" height=\"1024\" data-id=\"137\" src=\"https:\/\/kangouroukit.com\/new\/wp-content\/uploads\/2025\/02\/trip2017-11-768x1024.jpg\" alt=\"\" class=\"wp-image-137\" srcset=\"https:\/\/kangouroukit.com\/wp-content\/uploads\/2025\/02\/trip2017-11-768x1024.jpg 768w, https:\/\/kangouroukit.com\/wp-content\/uploads\/2025\/02\/trip2017-11-225x300.jpg 225w, https:\/\/kangouroukit.com\/wp-content\/uploads\/2025\/02\/trip2017-11.jpg 810w\" sizes=\"auto, (max-width: 768px) 100vw, 768px\" \/><\/figure>\n<\/figure>\n","protected":false},"excerpt":{"rendered":"<p>Retour sur le voyage 2017 Apr\u00e8s une campagne de collecte de fonds et sponsoris\u00e9e par l\u2019entreprise Jazzitup pour l\u2019achat des sacs oranges, la belle aventure commence : direction Pointe-Noire au bord de l\u2019Atlantique. La collaboration de Mme Louzolo Jeanne Catherine travaillant dans une grande agence pharmaceutique a permis d\u2019\u00eatre fourni en mat\u00e9riel m\u00e9dical de bonne [&hellip;]<\/p>\n","protected":false},"author":1,"featured_media":0,"parent":0,"menu_order":0,"comment_status":"closed","ping_status":"closed","template":"","meta":{"footnotes":""},"class_list":["post-130","page","type-page","status-publish","hentry"],"_links":{"self":[{"href":"https:\/\/kangouroukit.com\/index.php?rest_route=\/wp\/v2\/pages\/130","targetHints":{"allow":["GET"]}}],"collection":[{"href":"https:\/\/kangouroukit.com\/index.php?rest_route=\/wp\/v2\/pages"}],"about":[{"href":"https:\/\/kangouroukit.com\/index.php?rest_route=\/wp\/v2\/types\/page"}],"author":[{"embeddable":true,"href":"https:\/\/kangouroukit.com\/index.php?rest_route=\/wp\/v2\/users\/1"}],"replies":[{"embeddable":true,"href":"https:\/\/kangouroukit.com\/index.php?rest_route=%2Fwp%2Fv2%2Fcomments&post=130"}],"version-history":[{"count":1,"href":"https:\/\/kangouroukit.com\/index.php?rest_route=\/wp\/v2\/pages\/130\/revisions"}],"predecessor-version":[{"id":146,"href":"https:\/\/kangouroukit.com\/index.php?rest_route=\/wp\/v2\/pages\/130\/revisions\/146"}],"wp:attachment":[{"href":"https:\/\/kangouroukit.com\/index.php?rest_route=%2Fwp%2Fv2%2Fmedia&parent=130"}],"curies":[{"name":"wp","href":"https:\/\/api.w.org\/{rel}","templated":true}]}}