{"id":148,"date":"2025-02-03T12:49:57","date_gmt":"2025-02-03T11:49:57","guid":{"rendered":"https:\/\/kangouroukit.com\/new\/?page_id=148"},"modified":"2025-02-03T12:49:57","modified_gmt":"2025-02-03T11:49:57","slug":"voyage-2022","status":"publish","type":"page","link":"https:\/\/kangouroukit.com\/?page_id=148","title":{"rendered":"Voyage 2022"},"content":{"rendered":"\n<h2 class=\"wp-block-heading has-text-align-center\">Retour sur le voyage 2022<\/h2>\n\n\n\n<div class=\"wp-block-columns is-layout-flex wp-container-core-columns-is-layout-28f84493 wp-block-columns-is-layout-flex\">\n<div class=\"wp-block-column is-layout-flow wp-block-column-is-layout-flow\">\n<div class=\"wp-block-columns is-layout-flex wp-container-core-columns-is-layout-28f84493 wp-block-columns-is-layout-flex\">\n<div class=\"wp-block-column is-layout-flow wp-block-column-is-layout-flow\" style=\"flex-basis:33.33%\">\n<figure class=\"wp-block-image alignright size-large is-resized\"><img loading=\"lazy\" decoding=\"async\" width=\"1024\" height=\"993\" src=\"https:\/\/kangouroukit.com\/new\/wp-content\/uploads\/2025\/02\/picto-voyages1-1024x993.png\" alt=\"\" class=\"wp-image-131\" style=\"width:87px;height:auto\" srcset=\"https:\/\/kangouroukit.com\/wp-content\/uploads\/2025\/02\/picto-voyages1-1024x993.png 1024w, https:\/\/kangouroukit.com\/wp-content\/uploads\/2025\/02\/picto-voyages1-300x291.png 300w, https:\/\/kangouroukit.com\/wp-content\/uploads\/2025\/02\/picto-voyages1-768x745.png 768w, https:\/\/kangouroukit.com\/wp-content\/uploads\/2025\/02\/picto-voyages1.png 1117w\" sizes=\"auto, (max-width: 1024px) 100vw, 1024px\" \/><\/figure>\n<\/div>\n\n\n\n<div class=\"wp-block-column is-layout-flow wp-block-column-is-layout-flow\" style=\"flex-basis:66.66%\">\n<p>Apr\u00e8s plusieurs ann\u00e9es mouvement\u00e9s et ralentis par la pand\u00e9mie du COVID, nous sommes parvenus \u00e0 r\u00e9colter plus de 6 000\u20ac. Direction la R\u00e9publique du Congo en Ao\u00fbt 2022 pour distribuer les kits aux mamans les plus d\u00e9munies.<\/p>\n<\/div>\n<\/div>\n\n\n\n<div class=\"wp-block-columns is-layout-flex wp-container-core-columns-is-layout-28f84493 wp-block-columns-is-layout-flex\">\n<div class=\"wp-block-column is-layout-flow wp-block-column-is-layout-flow\" style=\"flex-basis:33.33%\">\n<figure class=\"wp-block-image alignright size-full is-resized\"><img loading=\"lazy\" decoding=\"async\" width=\"996\" height=\"863\" src=\"https:\/\/kangouroukit.com\/new\/wp-content\/uploads\/2025\/02\/picto-medic.png\" alt=\"\" class=\"wp-image-132\" style=\"width:87px;height:auto\" srcset=\"https:\/\/kangouroukit.com\/wp-content\/uploads\/2025\/02\/picto-medic.png 996w, https:\/\/kangouroukit.com\/wp-content\/uploads\/2025\/02\/picto-medic-300x260.png 300w, https:\/\/kangouroukit.com\/wp-content\/uploads\/2025\/02\/picto-medic-768x665.png 768w\" sizes=\"auto, (max-width: 996px) 100vw, 996px\" \/><\/figure>\n<\/div>\n\n\n\n<div class=\"wp-block-column is-layout-flow wp-block-column-is-layout-flow\" style=\"flex-basis:66.66%\">\n<p>La collaboration de plusieurs pharmaciennes de Brazzaville et pointe noire a permis d\u2019\u00eatre fourni en mat\u00e9riel m\u00e9dical de bonne qualit\u00e9 gr\u00e2ce \u00e0 l\u2019argent r\u00e9colt\u00e9 aupr\u00e8s des donateurs. Merci \u00e0 Mme Louzolo, Mme Nsiemo et Mme Okoko pour leur partenariat pharmaceutique.<\/p>\n<\/div>\n<\/div>\n\n\n\n<div class=\"wp-block-columns is-layout-flex wp-container-core-columns-is-layout-28f84493 wp-block-columns-is-layout-flex\">\n<div class=\"wp-block-column is-layout-flow wp-block-column-is-layout-flow\" style=\"flex-basis:33.33%\">\n<figure class=\"wp-block-image alignright size-large is-resized\"><img loading=\"lazy\" decoding=\"async\" width=\"956\" height=\"1024\" src=\"https:\/\/kangouroukit.com\/new\/wp-content\/uploads\/2025\/02\/picto-charity-956x1024.png\" alt=\"\" class=\"wp-image-133\" style=\"width:87px;height:auto\" srcset=\"https:\/\/kangouroukit.com\/wp-content\/uploads\/2025\/02\/picto-charity-956x1024.png 956w, https:\/\/kangouroukit.com\/wp-content\/uploads\/2025\/02\/picto-charity-280x300.png 280w, https:\/\/kangouroukit.com\/wp-content\/uploads\/2025\/02\/picto-charity-768x823.png 768w, https:\/\/kangouroukit.com\/wp-content\/uploads\/2025\/02\/picto-charity-1433x1536.png 1433w, https:\/\/kangouroukit.com\/wp-content\/uploads\/2025\/02\/picto-charity.png 1662w\" sizes=\"auto, (max-width: 956px) 100vw, 956px\" \/><\/figure>\n<\/div>\n\n\n\n<div class=\"wp-block-column is-layout-flow wp-block-column-is-layout-flow\" style=\"flex-basis:66.66%\">\n<p>Nous avons retrouv\u00e9 notre sage-femme congolaise Myrella. Elle nous a accompagn\u00e9 dans tous les centres de sant\u00e9 de Pointe-Noire. A Brazzaville, Mme Bassissila, chef de l\u2019h\u00f4pital de r\u00e9f\u00e9rence de Mak\u00e9l\u00e9k\u00e9l\u00e9 nous a accueilli avec joie. Mr Bansimba, assistant de Mme Bassissila a \u00e9t\u00e9 un r\u00e9el soutien dans les 9 centres de sant\u00e9 visit\u00e9 dans la ville.<\/p>\n<\/div>\n<\/div>\n<\/div>\n\n\n\n<div class=\"wp-block-column is-layout-flow wp-block-column-is-layout-flow\">\n<div class=\"wp-block-columns is-layout-flex wp-container-core-columns-is-layout-28f84493 wp-block-columns-is-layout-flex\">\n<div class=\"wp-block-column is-layout-flow wp-block-column-is-layout-flow\" style=\"flex-basis:33.33%\">\n<figure class=\"wp-block-image alignright size-large is-resized\"><img loading=\"lazy\" decoding=\"async\" width=\"816\" height=\"1024\" src=\"https:\/\/kangouroukit.com\/new\/wp-content\/uploads\/2025\/02\/picto-kit-816x1024.png\" alt=\"\" class=\"wp-image-135\" style=\"width:87px;height:auto\" srcset=\"https:\/\/kangouroukit.com\/wp-content\/uploads\/2025\/02\/picto-kit-816x1024.png 816w, https:\/\/kangouroukit.com\/wp-content\/uploads\/2025\/02\/picto-kit-239x300.png 239w, https:\/\/kangouroukit.com\/wp-content\/uploads\/2025\/02\/picto-kit-768x964.png 768w, https:\/\/kangouroukit.com\/wp-content\/uploads\/2025\/02\/picto-kit.png 929w\" sizes=\"auto, (max-width: 816px) 100vw, 816px\" \/><\/figure>\n<\/div>\n\n\n\n<div class=\"wp-block-column is-layout-flow wp-block-column-is-layout-flow\" style=\"flex-basis:66.66%\">\n<p>Une petite \u00e9quipe nous a aid\u00e9 \u00e0 remplir tous les sacs et la distribution pouvait commencer ! Dans chaque centre de sant\u00e9 int\u00e9gr\u00e9 que nous avons visit\u00e9, les femmes enceintes \u00e9taient convi\u00e9es \u00e0 venir r\u00e9cup\u00e9rer un kit Kangourou Kit. Une petite pr\u00e9sentation de l\u2019association ainsi qu\u2019une explication du contenu du kit \u00e9taient faites. Le mat\u00e9riel en plus \u00e9tait librement donn\u00e9 aux responsables des centres de sant\u00e9.<\/p>\n<\/div>\n<\/div>\n\n\n\n<div class=\"wp-block-columns is-layout-flex wp-container-core-columns-is-layout-28f84493 wp-block-columns-is-layout-flex\">\n<div class=\"wp-block-column is-layout-flow wp-block-column-is-layout-flow\" style=\"flex-basis:33.33%\">\n<figure class=\"wp-block-image alignright size-full is-resized\"><img loading=\"lazy\" decoding=\"async\" width=\"1225\" height=\"1955\" src=\"https:\/\/kangouroukit.com\/new\/wp-content\/uploads\/2025\/02\/picto-enfant.png\" alt=\"\" class=\"wp-image-134\" style=\"width:65px;height:auto\" srcset=\"https:\/\/kangouroukit.com\/wp-content\/uploads\/2025\/02\/picto-enfant.png 1225w, https:\/\/kangouroukit.com\/wp-content\/uploads\/2025\/02\/picto-enfant-188x300.png 188w, https:\/\/kangouroukit.com\/wp-content\/uploads\/2025\/02\/picto-enfant-642x1024.png 642w, https:\/\/kangouroukit.com\/wp-content\/uploads\/2025\/02\/picto-enfant-768x1226.png 768w, https:\/\/kangouroukit.com\/wp-content\/uploads\/2025\/02\/picto-enfant-962x1536.png 962w\" sizes=\"auto, (max-width: 1225px) 100vw, 1225px\" \/><\/figure>\n<\/div>\n\n\n\n<div class=\"wp-block-column is-layout-flow wp-block-column-is-layout-flow\" style=\"flex-basis:66.66%\">\n<p>Le voyage nous a permi d\u2019apporter plus de 300 kits aux futures m\u00e8res du Congo ! Apr\u00e8s notre d\u00e9part, beaucoup de b\u00e9b\u00e9s sont n\u00e9s accueillis par les bons soins des sages-femmes et du mat\u00e9riel achet\u00e9 gr\u00e2ce \u00e0 vous.<\/p>\n<\/div>\n<\/div>\n<\/div>\n<\/div>\n\n\n\n<figure class=\"wp-block-gallery aligncenter has-nested-images columns-default is-cropped wp-block-gallery-1 is-layout-flex wp-block-gallery-is-layout-flex\">\n<figure class=\"wp-block-image size-large\"><img loading=\"lazy\" decoding=\"async\" width=\"768\" height=\"1024\" data-id=\"149\" src=\"https:\/\/kangouroukit.com\/new\/wp-content\/uploads\/2025\/02\/trip2022-1-768x1024.jpg\" alt=\"\" class=\"wp-image-149\" srcset=\"https:\/\/kangouroukit.com\/wp-content\/uploads\/2025\/02\/trip2022-1-768x1024.jpg 768w, https:\/\/kangouroukit.com\/wp-content\/uploads\/2025\/02\/trip2022-1-225x300.jpg 225w, https:\/\/kangouroukit.com\/wp-content\/uploads\/2025\/02\/trip2022-1-1152x1536.jpg 1152w, https:\/\/kangouroukit.com\/wp-content\/uploads\/2025\/02\/trip2022-1-1536x2048.jpg 1536w, https:\/\/kangouroukit.com\/wp-content\/uploads\/2025\/02\/trip2022-1-scaled.jpg 1920w\" sizes=\"auto, (max-width: 768px) 100vw, 768px\" \/><\/figure>\n\n\n\n<figure class=\"wp-block-image size-large\"><img loading=\"lazy\" decoding=\"async\" width=\"768\" height=\"1024\" data-id=\"150\" src=\"https:\/\/kangouroukit.com\/new\/wp-content\/uploads\/2025\/02\/trip2022-2-768x1024.jpg\" alt=\"\" class=\"wp-image-150\" srcset=\"https:\/\/kangouroukit.com\/wp-content\/uploads\/2025\/02\/trip2022-2-768x1024.jpg 768w, https:\/\/kangouroukit.com\/wp-content\/uploads\/2025\/02\/trip2022-2-225x300.jpg 225w, https:\/\/kangouroukit.com\/wp-content\/uploads\/2025\/02\/trip2022-2-1152x1536.jpg 1152w, https:\/\/kangouroukit.com\/wp-content\/uploads\/2025\/02\/trip2022-2-1536x2048.jpg 1536w, https:\/\/kangouroukit.com\/wp-content\/uploads\/2025\/02\/trip2022-2-scaled.jpg 1920w\" sizes=\"auto, (max-width: 768px) 100vw, 768px\" \/><\/figure>\n\n\n\n<figure class=\"wp-block-image size-large\"><img loading=\"lazy\" decoding=\"async\" width=\"768\" height=\"1024\" data-id=\"151\" src=\"https:\/\/kangouroukit.com\/new\/wp-content\/uploads\/2025\/02\/trip2022-3-1-768x1024.jpg\" alt=\"\" class=\"wp-image-151\" srcset=\"https:\/\/kangouroukit.com\/wp-content\/uploads\/2025\/02\/trip2022-3-1-768x1024.jpg 768w, https:\/\/kangouroukit.com\/wp-content\/uploads\/2025\/02\/trip2022-3-1-225x300.jpg 225w, https:\/\/kangouroukit.com\/wp-content\/uploads\/2025\/02\/trip2022-3-1-1152x1536.jpg 1152w, https:\/\/kangouroukit.com\/wp-content\/uploads\/2025\/02\/trip2022-3-1-1536x2048.jpg 1536w, https:\/\/kangouroukit.com\/wp-content\/uploads\/2025\/02\/trip2022-3-1-scaled.jpg 1920w\" sizes=\"auto, (max-width: 768px) 100vw, 768px\" \/><\/figure>\n\n\n\n<figure class=\"wp-block-image size-large\"><img loading=\"lazy\" decoding=\"async\" width=\"768\" height=\"1024\" data-id=\"152\" src=\"https:\/\/kangouroukit.com\/new\/wp-content\/uploads\/2025\/02\/trip2022-4-768x1024.jpg\" alt=\"\" class=\"wp-image-152\" srcset=\"https:\/\/kangouroukit.com\/wp-content\/uploads\/2025\/02\/trip2022-4-768x1024.jpg 768w, https:\/\/kangouroukit.com\/wp-content\/uploads\/2025\/02\/trip2022-4-225x300.jpg 225w, https:\/\/kangouroukit.com\/wp-content\/uploads\/2025\/02\/trip2022-4-1152x1536.jpg 1152w, https:\/\/kangouroukit.com\/wp-content\/uploads\/2025\/02\/trip2022-4-1536x2048.jpg 1536w, https:\/\/kangouroukit.com\/wp-content\/uploads\/2025\/02\/trip2022-4-scaled.jpg 1920w\" sizes=\"auto, (max-width: 768px) 100vw, 768px\" \/><\/figure>\n\n\n\n<figure class=\"wp-block-image size-large\"><img loading=\"lazy\" decoding=\"async\" width=\"768\" height=\"1024\" data-id=\"153\" src=\"https:\/\/kangouroukit.com\/new\/wp-content\/uploads\/2025\/02\/trip2022-5-768x1024.jpg\" alt=\"\" class=\"wp-image-153\" srcset=\"https:\/\/kangouroukit.com\/wp-content\/uploads\/2025\/02\/trip2022-5-768x1024.jpg 768w, https:\/\/kangouroukit.com\/wp-content\/uploads\/2025\/02\/trip2022-5-225x300.jpg 225w, https:\/\/kangouroukit.com\/wp-content\/uploads\/2025\/02\/trip2022-5-1152x1536.jpg 1152w, https:\/\/kangouroukit.com\/wp-content\/uploads\/2025\/02\/trip2022-5-1536x2048.jpg 1536w, https:\/\/kangouroukit.com\/wp-content\/uploads\/2025\/02\/trip2022-5-scaled.jpg 1920w\" sizes=\"auto, (max-width: 768px) 100vw, 768px\" \/><\/figure>\n\n\n\n<figure class=\"wp-block-image size-large\"><img loading=\"lazy\" decoding=\"async\" width=\"768\" height=\"1024\" data-id=\"154\" src=\"https:\/\/kangouroukit.com\/new\/wp-content\/uploads\/2025\/02\/trip2022-6-768x1024.jpg\" alt=\"\" class=\"wp-image-154\" srcset=\"https:\/\/kangouroukit.com\/wp-content\/uploads\/2025\/02\/trip2022-6-768x1024.jpg 768w, https:\/\/kangouroukit.com\/wp-content\/uploads\/2025\/02\/trip2022-6-225x300.jpg 225w, https:\/\/kangouroukit.com\/wp-content\/uploads\/2025\/02\/trip2022-6-1152x1536.jpg 1152w, https:\/\/kangouroukit.com\/wp-content\/uploads\/2025\/02\/trip2022-6-1536x2048.jpg 1536w, https:\/\/kangouroukit.com\/wp-content\/uploads\/2025\/02\/trip2022-6-scaled.jpg 1920w\" sizes=\"auto, (max-width: 768px) 100vw, 768px\" \/><\/figure>\n\n\n\n<figure class=\"wp-block-image size-large\"><img loading=\"lazy\" decoding=\"async\" width=\"768\" height=\"1024\" data-id=\"155\" src=\"https:\/\/kangouroukit.com\/new\/wp-content\/uploads\/2025\/02\/trip2022-7-768x1024.jpg\" alt=\"\" class=\"wp-image-155\" srcset=\"https:\/\/kangouroukit.com\/wp-content\/uploads\/2025\/02\/trip2022-7-768x1024.jpg 768w, https:\/\/kangouroukit.com\/wp-content\/uploads\/2025\/02\/trip2022-7-225x300.jpg 225w, https:\/\/kangouroukit.com\/wp-content\/uploads\/2025\/02\/trip2022-7-1152x1536.jpg 1152w, https:\/\/kangouroukit.com\/wp-content\/uploads\/2025\/02\/trip2022-7-1536x2048.jpg 1536w, https:\/\/kangouroukit.com\/wp-content\/uploads\/2025\/02\/trip2022-7-scaled.jpg 1920w\" sizes=\"auto, (max-width: 768px) 100vw, 768px\" \/><\/figure>\n\n\n\n<figure class=\"wp-block-image size-large\"><img loading=\"lazy\" decoding=\"async\" width=\"768\" height=\"1024\" data-id=\"156\" src=\"https:\/\/kangouroukit.com\/new\/wp-content\/uploads\/2025\/02\/trip2022-8-768x1024.jpg\" alt=\"\" class=\"wp-image-156\" srcset=\"https:\/\/kangouroukit.com\/wp-content\/uploads\/2025\/02\/trip2022-8-768x1024.jpg 768w, https:\/\/kangouroukit.com\/wp-content\/uploads\/2025\/02\/trip2022-8-225x300.jpg 225w, https:\/\/kangouroukit.com\/wp-content\/uploads\/2025\/02\/trip2022-8-1152x1536.jpg 1152w, https:\/\/kangouroukit.com\/wp-content\/uploads\/2025\/02\/trip2022-8-1536x2048.jpg 1536w, https:\/\/kangouroukit.com\/wp-content\/uploads\/2025\/02\/trip2022-8-scaled.jpg 1920w\" sizes=\"auto, (max-width: 768px) 100vw, 768px\" \/><\/figure>\n\n\n\n<figure class=\"wp-block-image size-large\"><img loading=\"lazy\" decoding=\"async\" width=\"768\" height=\"1024\" data-id=\"157\" src=\"https:\/\/kangouroukit.com\/new\/wp-content\/uploads\/2025\/02\/trip2022-9-768x1024.jpg\" alt=\"\" class=\"wp-image-157\" srcset=\"https:\/\/kangouroukit.com\/wp-content\/uploads\/2025\/02\/trip2022-9-768x1024.jpg 768w, https:\/\/kangouroukit.com\/wp-content\/uploads\/2025\/02\/trip2022-9-225x300.jpg 225w, https:\/\/kangouroukit.com\/wp-content\/uploads\/2025\/02\/trip2022-9-1152x1536.jpg 1152w, https:\/\/kangouroukit.com\/wp-content\/uploads\/2025\/02\/trip2022-9-1536x2048.jpg 1536w, https:\/\/kangouroukit.com\/wp-content\/uploads\/2025\/02\/trip2022-9-scaled.jpg 1920w\" sizes=\"auto, (max-width: 768px) 100vw, 768px\" \/><\/figure>\n<\/figure>\n","protected":false},"excerpt":{"rendered":"<p>Retour sur le voyage 2022 Apr\u00e8s plusieurs ann\u00e9es mouvement\u00e9s et ralentis par la pand\u00e9mie du COVID, nous sommes parvenus \u00e0 r\u00e9colter plus de 6 000\u20ac. Direction la R\u00e9publique du Congo en Ao\u00fbt 2022 pour distribuer les kits aux mamans les plus d\u00e9munies. La collaboration de plusieurs pharmaciennes de Brazzaville et pointe noire a permis d\u2019\u00eatre [&hellip;]<\/p>\n","protected":false},"author":1,"featured_media":0,"parent":0,"menu_order":0,"comment_status":"closed","ping_status":"closed","template":"","meta":{"footnotes":""},"class_list":["post-148","page","type-page","status-publish","hentry"],"_links":{"self":[{"href":"https:\/\/kangouroukit.com\/index.php?rest_route=\/wp\/v2\/pages\/148","targetHints":{"allow":["GET"]}}],"collection":[{"href":"https:\/\/kangouroukit.com\/index.php?rest_route=\/wp\/v2\/pages"}],"about":[{"href":"https:\/\/kangouroukit.com\/index.php?rest_route=\/wp\/v2\/types\/page"}],"author":[{"embeddable":true,"href":"https:\/\/kangouroukit.com\/index.php?rest_route=\/wp\/v2\/users\/1"}],"replies":[{"embeddable":true,"href":"https:\/\/kangouroukit.com\/index.php?rest_route=%2Fwp%2Fv2%2Fcomments&post=148"}],"version-history":[{"count":1,"href":"https:\/\/kangouroukit.com\/index.php?rest_route=\/wp\/v2\/pages\/148\/revisions"}],"predecessor-version":[{"id":158,"href":"https:\/\/kangouroukit.com\/index.php?rest_route=\/wp\/v2\/pages\/148\/revisions\/158"}],"wp:attachment":[{"href":"https:\/\/kangouroukit.com\/index.php?rest_route=%2Fwp%2Fv2%2Fmedia&parent=148"}],"curies":[{"name":"wp","href":"https:\/\/api.w.org\/{rel}","templated":true}]}}