{"id":159,"date":"2025-02-03T12:52:55","date_gmt":"2025-02-03T11:52:55","guid":{"rendered":"https:\/\/kangouroukit.com\/new\/?page_id=159"},"modified":"2026-03-05T17:59:38","modified_gmt":"2026-03-05T16:59:38","slug":"voyage-2024","status":"publish","type":"page","link":"https:\/\/kangouroukit.com\/?page_id=159","title":{"rendered":"Voyage 2025"},"content":{"rendered":"\n<h2 class=\"wp-block-heading has-text-align-center\">Retour sur le voyage 2025<\/h2>\n\n\n\n<div class=\"wp-block-columns is-layout-flex wp-container-core-columns-is-layout-28f84493 wp-block-columns-is-layout-flex\">\n<div class=\"wp-block-column is-layout-flow wp-block-column-is-layout-flow\">\n<div class=\"wp-block-columns is-layout-flex wp-container-core-columns-is-layout-28f84493 wp-block-columns-is-layout-flex\">\n<div class=\"wp-block-column is-layout-flow wp-block-column-is-layout-flow\" style=\"flex-basis:33.33%\">\n<figure class=\"wp-block-image alignright size-large is-resized\"><img loading=\"lazy\" decoding=\"async\" width=\"1024\" height=\"993\" src=\"https:\/\/kangouroukit.com\/new\/wp-content\/uploads\/2025\/02\/picto-voyages1-1024x993.png\" alt=\"\" class=\"wp-image-131\" style=\"width:87px;height:auto\" srcset=\"https:\/\/kangouroukit.com\/wp-content\/uploads\/2025\/02\/picto-voyages1-1024x993.png 1024w, https:\/\/kangouroukit.com\/wp-content\/uploads\/2025\/02\/picto-voyages1-300x291.png 300w, https:\/\/kangouroukit.com\/wp-content\/uploads\/2025\/02\/picto-voyages1-768x745.png 768w, https:\/\/kangouroukit.com\/wp-content\/uploads\/2025\/02\/picto-voyages1.png 1117w\" sizes=\"auto, (max-width: 1024px) 100vw, 1024px\" \/><\/figure>\n<\/div>\n\n\n\n<div class=\"wp-block-column is-layout-flow wp-block-column-is-layout-flow\" style=\"flex-basis:66.66%\">\n<p>Accompagn\u00e9es de plusieurs de mes coll\u00e8gues de travail, nous avons travers\u00e9 l&rsquo;\u00e9quateur pour rejoindre le beau continent africain. Pauline, Charlotte et maman H\u00e9l\u00e8ne \u00e9taient de la partie. Apr\u00e8s quelques jours de tourisme et la visite d&rsquo;un orphelinat, nous nous sommes lanc\u00e9 dans la distribution. <\/p>\n<\/div>\n<\/div>\n<\/div>\n\n\n\n<div class=\"wp-block-column is-layout-flow wp-block-column-is-layout-flow\">\n<div class=\"wp-block-columns is-layout-flex wp-container-core-columns-is-layout-28f84493 wp-block-columns-is-layout-flex\">\n<div class=\"wp-block-column is-layout-flow wp-block-column-is-layout-flow\" style=\"flex-basis:33.33%\">\n<figure class=\"wp-block-image alignright size-large is-resized\"><img loading=\"lazy\" decoding=\"async\" width=\"816\" height=\"1024\" src=\"https:\/\/kangouroukit.com\/new\/wp-content\/uploads\/2025\/02\/picto-kit-816x1024.png\" alt=\"\" class=\"wp-image-135\" style=\"width:87px;height:auto\" srcset=\"https:\/\/kangouroukit.com\/wp-content\/uploads\/2025\/02\/picto-kit-816x1024.png 816w, https:\/\/kangouroukit.com\/wp-content\/uploads\/2025\/02\/picto-kit-239x300.png 239w, https:\/\/kangouroukit.com\/wp-content\/uploads\/2025\/02\/picto-kit-768x964.png 768w, https:\/\/kangouroukit.com\/wp-content\/uploads\/2025\/02\/picto-kit.png 929w\" sizes=\"auto, (max-width: 816px) 100vw, 816px\" \/><\/figure>\n<\/div>\n\n\n\n<div class=\"wp-block-column is-layout-flow wp-block-column-is-layout-flow\" style=\"flex-basis:66.66%\">\n<p>Environ 300 kits ont \u00e9t\u00e9 distribu\u00e9 dans plusieurs centre de sant\u00e9 de Pointe Noire. De plus grands liens ont \u00e9t\u00e9 tiss\u00e9 avec les \u00e9quipes et les soignants. Une tr\u00e8s belle aventure qui n&rsquo;aurait jamais pu voir le jour sans vous. <\/p>\n\n\n\n<p>UN GRAND MERCI !<\/p>\n<\/div>\n<\/div>\n<\/div>\n<\/div>\n\n\n\n<div class=\"wp-block-columns is-layout-flex wp-container-core-columns-is-layout-28f84493 wp-block-columns-is-layout-flex\">\n<div class=\"wp-block-column is-layout-flow wp-block-column-is-layout-flow\">\n<figure class=\"wp-block-video\"><video height=\"2560\" style=\"aspect-ratio: 1440 \/ 2560;\" width=\"1440\" controls src=\"https:\/\/kangouroukit.com\/wp-content\/uploads\/2026\/03\/Kangourou-kit.mp4\"><\/video><\/figure>\n<\/div>\n\n\n\n<div class=\"wp-block-column is-layout-flow wp-block-column-is-layout-flow\">\n<figure class=\"wp-block-video\"><video height=\"1920\" style=\"aspect-ratio: 1080 \/ 1920;\" width=\"1080\" controls src=\"https:\/\/kangouroukit.com\/wp-content\/uploads\/2026\/03\/lv_0_20251001220721.mp4\"><\/video><\/figure>\n<\/div>\n<\/div>\n","protected":false},"excerpt":{"rendered":"<p>Retour sur le voyage 2025 Accompagn\u00e9es de plusieurs de mes coll\u00e8gues de travail, nous avons travers\u00e9 l&rsquo;\u00e9quateur pour rejoindre le beau continent africain. Pauline, Charlotte et maman H\u00e9l\u00e8ne \u00e9taient de la partie. Apr\u00e8s quelques jours de tourisme et la visite d&rsquo;un orphelinat, nous nous sommes lanc\u00e9 dans la distribution. Environ 300 kits ont \u00e9t\u00e9 distribu\u00e9 [&hellip;]<\/p>\n","protected":false},"author":1,"featured_media":0,"parent":0,"menu_order":0,"comment_status":"closed","ping_status":"closed","template":"","meta":{"footnotes":""},"class_list":["post-159","page","type-page","status-publish","hentry"],"_links":{"self":[{"href":"https:\/\/kangouroukit.com\/index.php?rest_route=\/wp\/v2\/pages\/159","targetHints":{"allow":["GET"]}}],"collection":[{"href":"https:\/\/kangouroukit.com\/index.php?rest_route=\/wp\/v2\/pages"}],"about":[{"href":"https:\/\/kangouroukit.com\/index.php?rest_route=\/wp\/v2\/types\/page"}],"author":[{"embeddable":true,"href":"https:\/\/kangouroukit.com\/index.php?rest_route=\/wp\/v2\/users\/1"}],"replies":[{"embeddable":true,"href":"https:\/\/kangouroukit.com\/index.php?rest_route=%2Fwp%2Fv2%2Fcomments&post=159"}],"version-history":[{"count":6,"href":"https:\/\/kangouroukit.com\/index.php?rest_route=\/wp\/v2\/pages\/159\/revisions"}],"predecessor-version":[{"id":396,"href":"https:\/\/kangouroukit.com\/index.php?rest_route=\/wp\/v2\/pages\/159\/revisions\/396"}],"wp:attachment":[{"href":"https:\/\/kangouroukit.com\/index.php?rest_route=%2Fwp%2Fv2%2Fmedia&parent=159"}],"curies":[{"name":"wp","href":"https:\/\/api.w.org\/{rel}","templated":true}]}}