{"id":216,"date":"2025-02-03T21:07:18","date_gmt":"2025-02-03T20:07:18","guid":{"rendered":"https:\/\/kangouroukit.com\/new\/?page_id=216"},"modified":"2025-07-07T20:08:15","modified_gmt":"2025-07-07T18:08:15","slug":"evenements","status":"publish","type":"page","link":"https:\/\/kangouroukit.com\/?page_id=216","title":{"rendered":"Nos \u00e9v\u00e8nements"},"content":{"rendered":"\n<div class=\"wp-block-columns is-layout-flex wp-container-core-columns-is-layout-28f84493 wp-block-columns-is-layout-flex\">\n<div class=\"wp-block-column is-layout-flow wp-container-core-column-is-layout-75e316bb wp-block-column-is-layout-flow\" style=\"padding-right:var(--wp--preset--spacing--40);padding-left:var(--wp--preset--spacing--40)\"><ul style=\"padding-right:0;padding-left:0;padding-top:0;padding-bottom:0;margin-right:var(--wp--preset--spacing--70);margin-left:var(--wp--preset--spacing--70);\" class=\"wp-block-latest-posts__list is-grid columns-3 has-link-color alignleft wp-elements-93737d4768f17846f03aca22f822f6cf wp-block-latest-posts has-small-font-size\"><li><div class=\"wp-block-latest-posts__featured-image aligncenter\"><a href=\"https:\/\/kangouroukit.com\/?p=291\" aria-label=\"Soiree caritative\"><img loading=\"lazy\" decoding=\"async\" width=\"1024\" height=\"1024\" src=\"https:\/\/kangouroukit.com\/wp-content\/uploads\/2025\/07\/WhatsApp-Image-2025-07-07-at-20.16.34-1024x1024.jpeg\" class=\"attachment-large size-large wp-post-image\" alt=\"\" style=\"\" srcset=\"https:\/\/kangouroukit.com\/wp-content\/uploads\/2025\/07\/WhatsApp-Image-2025-07-07-at-20.16.34-1024x1024.jpeg 1024w, https:\/\/kangouroukit.com\/wp-content\/uploads\/2025\/07\/WhatsApp-Image-2025-07-07-at-20.16.34-300x300.jpeg 300w, https:\/\/kangouroukit.com\/wp-content\/uploads\/2025\/07\/WhatsApp-Image-2025-07-07-at-20.16.34-150x150.jpeg 150w, https:\/\/kangouroukit.com\/wp-content\/uploads\/2025\/07\/WhatsApp-Image-2025-07-07-at-20.16.34-768x768.jpeg 768w, https:\/\/kangouroukit.com\/wp-content\/uploads\/2025\/07\/WhatsApp-Image-2025-07-07-at-20.16.34.jpeg 1500w\" sizes=\"auto, (max-width: 1024px) 100vw, 1024px\" \/><\/a><\/div><a class=\"wp-block-latest-posts__post-title\" href=\"https:\/\/kangouroukit.com\/?p=291\">Soiree caritative<\/a><div class=\"wp-block-latest-posts__post-excerpt\">5 septembre 2025 Une soir\u00e9e organis\u00e9 par notre association pour la vie d&rsquo;un b\u00e9b\u00e9 au Congo. Rejoins nous et participe \u00e0 notre \u00e9v\u00e8nement\u2026 <a class=\"wp-block-latest-posts__read-more\" href=\"https:\/\/kangouroukit.com\/?p=291\" rel=\"noopener noreferrer\">Lire la suite<span class=\"screen-reader-text\">\u00a0: Soiree caritative<\/span><\/a><\/div><\/li>\n<li><div class=\"wp-block-latest-posts__featured-image aligncenter\"><a href=\"https:\/\/kangouroukit.com\/?p=269\" aria-label=\"Challenge 100 couturi\u00e8res\"><img loading=\"lazy\" decoding=\"async\" width=\"500\" height=\"500\" src=\"https:\/\/kangouroukit.com\/wp-content\/uploads\/2025\/05\/Logo-Challenge-100-couturiere-2025.png\" class=\"attachment-large size-large wp-post-image\" alt=\"\" style=\"\" srcset=\"https:\/\/kangouroukit.com\/wp-content\/uploads\/2025\/05\/Logo-Challenge-100-couturiere-2025.png 500w, https:\/\/kangouroukit.com\/wp-content\/uploads\/2025\/05\/Logo-Challenge-100-couturiere-2025-300x300.png 300w, https:\/\/kangouroukit.com\/wp-content\/uploads\/2025\/05\/Logo-Challenge-100-couturiere-2025-150x150.png 150w\" sizes=\"auto, (max-width: 500px) 100vw, 500px\" \/><\/a><\/div><a class=\"wp-block-latest-posts__post-title\" href=\"https:\/\/kangouroukit.com\/?p=269\">Challenge 100 couturi\u00e8res<\/a><div class=\"wp-block-latest-posts__post-excerpt\">Juin 2025 Rejoins le mouvement en nous aidant \u00e0 confectionner les serviettes hygi\u00e9niques lavables de nos kits. Inscris-toi et re\u00e7ois gratuitement un Kit\u2026 <a class=\"wp-block-latest-posts__read-more\" href=\"https:\/\/kangouroukit.com\/?p=269\" rel=\"noopener noreferrer\">Lire la suite<span class=\"screen-reader-text\">\u00a0: Challenge 100 couturi\u00e8res<\/span><\/a><\/div><\/li>\n<li><div class=\"wp-block-latest-posts__featured-image aligncenter\"><a href=\"https:\/\/kangouroukit.com\/?p=204\" aria-label=\"Challenge 100 partenaires\"><img loading=\"lazy\" decoding=\"async\" width=\"1024\" height=\"1024\" src=\"https:\/\/kangouroukit.com\/wp-content\/uploads\/2025\/02\/challenge-100-partenaires-01-1024x1024.png\" class=\"attachment-large size-large wp-post-image\" alt=\"\" style=\"\" srcset=\"https:\/\/kangouroukit.com\/wp-content\/uploads\/2025\/02\/challenge-100-partenaires-01-1024x1024.png 1024w, https:\/\/kangouroukit.com\/wp-content\/uploads\/2025\/02\/challenge-100-partenaires-01-300x300.png 300w, https:\/\/kangouroukit.com\/wp-content\/uploads\/2025\/02\/challenge-100-partenaires-01-150x150.png 150w, https:\/\/kangouroukit.com\/wp-content\/uploads\/2025\/02\/challenge-100-partenaires-01-768x768.png 768w, https:\/\/kangouroukit.com\/wp-content\/uploads\/2025\/02\/challenge-100-partenaires-01.png 1081w\" sizes=\"auto, (max-width: 1024px) 100vw, 1024px\" \/><\/a><\/div><a class=\"wp-block-latest-posts__post-title\" href=\"https:\/\/kangouroukit.com\/?p=204\">Challenge 100 partenaires<\/a><div class=\"wp-block-latest-posts__post-excerpt\">Participe \u00e0 l&rsquo;ouverture de la Maison Kangourou Kit \u00e0 Brazzaville au Congo Nous avons le projet d&rsquo;ouvrir la Maison Kangourou Kit au Congo,\u2026 <a class=\"wp-block-latest-posts__read-more\" href=\"https:\/\/kangouroukit.com\/?p=204\" rel=\"noopener noreferrer\">Lire la suite<span class=\"screen-reader-text\">\u00a0: Challenge 100 partenaires<\/span><\/a><\/div><\/li>\n<li><div class=\"wp-block-latest-posts__featured-image aligncenter\"><a href=\"https:\/\/kangouroukit.com\/?p=222\" aria-label=\"Contes et D\u00e9lices d&rsquo;Afrique\"><img loading=\"lazy\" decoding=\"async\" width=\"1024\" height=\"1024\" src=\"https:\/\/kangouroukit.com\/wp-content\/uploads\/2025\/02\/230318-contes-delices-1024x1024.png\" class=\"attachment-large size-large wp-post-image\" alt=\"\" style=\"\" srcset=\"https:\/\/kangouroukit.com\/wp-content\/uploads\/2025\/02\/230318-contes-delices-1024x1024.png 1024w, https:\/\/kangouroukit.com\/wp-content\/uploads\/2025\/02\/230318-contes-delices-300x300.png 300w, https:\/\/kangouroukit.com\/wp-content\/uploads\/2025\/02\/230318-contes-delices-150x150.png 150w, https:\/\/kangouroukit.com\/wp-content\/uploads\/2025\/02\/230318-contes-delices-768x768.png 768w, https:\/\/kangouroukit.com\/wp-content\/uploads\/2025\/02\/230318-contes-delices.png 1080w\" sizes=\"auto, (max-width: 1024px) 100vw, 1024px\" \/><\/a><\/div><a class=\"wp-block-latest-posts__post-title\" href=\"https:\/\/kangouroukit.com\/?p=222\">Contes et D\u00e9lices d&rsquo;Afrique<\/a><div class=\"wp-block-latest-posts__post-excerpt\">18\/03\/23 &#8211; 18h30 Venez d\u00e9couvrir lors de notre soir\u00e9e caritative les couleurs et les saveurs de l&rsquo;Afrique. Laissez vous \u00e9merveiller par des contes\u2026 <a class=\"wp-block-latest-posts__read-more\" href=\"https:\/\/kangouroukit.com\/?p=222\" rel=\"noopener noreferrer\">Lire la suite<span class=\"screen-reader-text\">\u00a0: Contes et D\u00e9lices d&rsquo;Afrique<\/span><\/a><\/div><\/li>\n<li><div class=\"wp-block-latest-posts__featured-image aligncenter\"><a href=\"https:\/\/kangouroukit.com\/?p=228\" aria-label=\"Retour sur le voyage 2022\"><img loading=\"lazy\" decoding=\"async\" width=\"1024\" height=\"1024\" src=\"https:\/\/kangouroukit.com\/wp-content\/uploads\/2025\/02\/221124-retour-voyage22-1024x1024.jpeg\" class=\"attachment-large size-large wp-post-image\" alt=\"\" style=\"\" srcset=\"https:\/\/kangouroukit.com\/wp-content\/uploads\/2025\/02\/221124-retour-voyage22-1024x1024.jpeg 1024w, https:\/\/kangouroukit.com\/wp-content\/uploads\/2025\/02\/221124-retour-voyage22-300x300.jpeg 300w, https:\/\/kangouroukit.com\/wp-content\/uploads\/2025\/02\/221124-retour-voyage22-150x150.jpeg 150w, https:\/\/kangouroukit.com\/wp-content\/uploads\/2025\/02\/221124-retour-voyage22-768x768.jpeg 768w, https:\/\/kangouroukit.com\/wp-content\/uploads\/2025\/02\/221124-retour-voyage22.jpeg 1080w\" sizes=\"auto, (max-width: 1024px) 100vw, 1024px\" \/><\/a><\/div><a class=\"wp-block-latest-posts__post-title\" href=\"https:\/\/kangouroukit.com\/?p=228\">Retour sur le voyage 2022<\/a><div class=\"wp-block-latest-posts__post-excerpt\">24\/11\/22 &#8211; 19h45 Notre association vous invite \u00e0 une soir\u00e9e interactive pour vous raconter notre voyage de cet \u00e9t\u00e9 et la distribution des\u2026 <a class=\"wp-block-latest-posts__read-more\" href=\"https:\/\/kangouroukit.com\/?p=228\" rel=\"noopener noreferrer\">Lire la suite<span class=\"screen-reader-text\">\u00a0: Retour sur le voyage 2022<\/span><\/a><\/div><\/li>\n<li><div class=\"wp-block-latest-posts__featured-image aligncenter\"><a href=\"https:\/\/kangouroukit.com\/?p=237\" aria-label=\"Challenge 100 couturi\u00e8res\"><img loading=\"lazy\" decoding=\"async\" width=\"1024\" height=\"1024\" src=\"https:\/\/kangouroukit.com\/wp-content\/uploads\/2025\/02\/challenges-100-couturieres-1-1024x1024.jpg\" class=\"attachment-large size-large wp-post-image\" alt=\"\" style=\"\" srcset=\"https:\/\/kangouroukit.com\/wp-content\/uploads\/2025\/02\/challenges-100-couturieres-1-1024x1024.jpg 1024w, https:\/\/kangouroukit.com\/wp-content\/uploads\/2025\/02\/challenges-100-couturieres-1-300x300.jpg 300w, https:\/\/kangouroukit.com\/wp-content\/uploads\/2025\/02\/challenges-100-couturieres-1-150x150.jpg 150w, https:\/\/kangouroukit.com\/wp-content\/uploads\/2025\/02\/challenges-100-couturieres-1-768x768.jpg 768w, https:\/\/kangouroukit.com\/wp-content\/uploads\/2025\/02\/challenges-100-couturieres-1.jpg 1080w\" sizes=\"auto, (max-width: 1024px) 100vw, 1024px\" \/><\/a><\/div><a class=\"wp-block-latest-posts__post-title\" href=\"https:\/\/kangouroukit.com\/?p=237\">Challenge 100 couturi\u00e8res<\/a><div class=\"wp-block-latest-posts__post-excerpt\">Juin 2022 Rejoins le mouvement en nous aidant \u00e0 confectionner les serviettes hygi\u00e9niques lavables de nos kits. Inscris-toi et re\u00e7ois gratuitement un Kit\u2026 <a class=\"wp-block-latest-posts__read-more\" href=\"https:\/\/kangouroukit.com\/?p=237\" rel=\"noopener noreferrer\">Lire la suite<span class=\"screen-reader-text\">\u00a0: Challenge 100 couturi\u00e8res<\/span><\/a><\/div><\/li>\n<li><div class=\"wp-block-latest-posts__featured-image aligncenter\"><a href=\"https:\/\/kangouroukit.com\/?p=234\" aria-label=\"Challenge 100 kits\"><img loading=\"lazy\" decoding=\"async\" width=\"1024\" height=\"1024\" src=\"https:\/\/kangouroukit.com\/wp-content\/uploads\/2025\/02\/challenge-100-kits-1-1024x1024.jpg\" class=\"attachment-large size-large wp-post-image\" alt=\"\" style=\"\" srcset=\"https:\/\/kangouroukit.com\/wp-content\/uploads\/2025\/02\/challenge-100-kits-1-1024x1024.jpg 1024w, https:\/\/kangouroukit.com\/wp-content\/uploads\/2025\/02\/challenge-100-kits-1-300x300.jpg 300w, https:\/\/kangouroukit.com\/wp-content\/uploads\/2025\/02\/challenge-100-kits-1-150x150.jpg 150w, https:\/\/kangouroukit.com\/wp-content\/uploads\/2025\/02\/challenge-100-kits-1-768x768.jpg 768w, https:\/\/kangouroukit.com\/wp-content\/uploads\/2025\/02\/challenge-100-kits-1.jpg 1080w\" sizes=\"auto, (max-width: 1024px) 100vw, 1024px\" \/><\/a><\/div><a class=\"wp-block-latest-posts__post-title\" href=\"https:\/\/kangouroukit.com\/?p=234\">Challenge 100 kits<\/a><div class=\"wp-block-latest-posts__post-excerpt\">Juin 2022 100 kits d&rsquo;accouchement pour aider les mamans du Congo \u00e0 donner la vie en toute s\u00e9curit\u00e9 !<\/div><\/li>\n<li><div class=\"wp-block-latest-posts__featured-image aligncenter\"><a href=\"https:\/\/kangouroukit.com\/?p=231\" aria-label=\"Concert caritatif avec Meak\"><img loading=\"lazy\" decoding=\"async\" width=\"1024\" height=\"1024\" src=\"https:\/\/kangouroukit.com\/wp-content\/uploads\/2025\/02\/220423-meak-1024x1024.jpg\" class=\"attachment-large size-large wp-post-image\" alt=\"\" style=\"\" srcset=\"https:\/\/kangouroukit.com\/wp-content\/uploads\/2025\/02\/220423-meak-1024x1024.jpg 1024w, https:\/\/kangouroukit.com\/wp-content\/uploads\/2025\/02\/220423-meak-300x300.jpg 300w, https:\/\/kangouroukit.com\/wp-content\/uploads\/2025\/02\/220423-meak-150x150.jpg 150w, https:\/\/kangouroukit.com\/wp-content\/uploads\/2025\/02\/220423-meak-768x768.jpg 768w, https:\/\/kangouroukit.com\/wp-content\/uploads\/2025\/02\/220423-meak.jpg 1080w\" sizes=\"auto, (max-width: 1024px) 100vw, 1024px\" \/><\/a><\/div><a class=\"wp-block-latest-posts__post-title\" href=\"https:\/\/kangouroukit.com\/?p=231\">Concert caritatif avec Meak<\/a><div class=\"wp-block-latest-posts__post-excerpt\">23\/04\/22 &#8211; 20h Nous sommes fiers de recevoir @Meakhighhood, pour un spectacle caritatif m\u00e9morable et po\u00e9tique. Tous les b\u00e9n\u00e9fices seront revers\u00e9s \u00e0 l&rsquo;association\u2026 <a class=\"wp-block-latest-posts__read-more\" href=\"https:\/\/kangouroukit.com\/?p=231\" rel=\"noopener noreferrer\">Lire la suite<span class=\"screen-reader-text\">\u00a0: Concert caritatif avec Meak<\/span><\/a><\/div><\/li>\n<\/ul><\/div>\n<\/div>\n\n\n\n<div class=\"wp-block-group has-global-padding is-layout-constrained wp-block-group-is-layout-constrained\"><\/div>\n\n\n<p>Soir\u00e9e Caritative : Pour la vie d&rsquo;un b\u00e9b\u00e9 au Congo<\/p>\n\n\n<p><\/p>\n","protected":false},"excerpt":{"rendered":"<p>Soir\u00e9e Caritative : Pour la vie d&rsquo;un b\u00e9b\u00e9 au Congo<\/p>\n","protected":false},"author":1,"featured_media":0,"parent":0,"menu_order":0,"comment_status":"closed","ping_status":"closed","template":"","meta":{"footnotes":""},"class_list":["post-216","page","type-page","status-publish","hentry"],"_links":{"self":[{"href":"https:\/\/kangouroukit.com\/index.php?rest_route=\/wp\/v2\/pages\/216","targetHints":{"allow":["GET"]}}],"collection":[{"href":"https:\/\/kangouroukit.com\/index.php?rest_route=\/wp\/v2\/pages"}],"about":[{"href":"https:\/\/kangouroukit.com\/index.php?rest_route=\/wp\/v2\/types\/page"}],"author":[{"embeddable":true,"href":"https:\/\/kangouroukit.com\/index.php?rest_route=\/wp\/v2\/users\/1"}],"replies":[{"embeddable":true,"href":"https:\/\/kangouroukit.com\/index.php?rest_route=%2Fwp%2Fv2%2Fcomments&post=216"}],"version-history":[{"count":9,"href":"https:\/\/kangouroukit.com\/index.php?rest_route=\/wp\/v2\/pages\/216\/revisions"}],"predecessor-version":[{"id":308,"href":"https:\/\/kangouroukit.com\/index.php?rest_route=\/wp\/v2\/pages\/216\/revisions\/308"}],"wp:attachment":[{"href":"https:\/\/kangouroukit.com\/index.php?rest_route=%2Fwp%2Fv2%2Fmedia&parent=216"}],"curies":[{"name":"wp","href":"https:\/\/api.w.org\/{rel}","templated":true}]}}