{"id":23,"date":"2025-01-30T15:47:24","date_gmt":"2025-01-30T14:47:24","guid":{"rendered":"https:\/\/kangouroukit.com\/new\/?page_id=23"},"modified":"2025-02-10T15:53:24","modified_gmt":"2025-02-10T14:53:24","slug":"a-propos","status":"publish","type":"page","link":"https:\/\/kangouroukit.com\/?page_id=23","title":{"rendered":"A propos"},"content":{"rendered":"\n<div class=\"wp-block-columns is-layout-flex wp-container-core-columns-is-layout-8dca0e93 wp-block-columns-is-layout-flex\" style=\"margin-bottom:var(--wp--preset--spacing--70)\">\n<div class=\"wp-block-column is-layout-flow wp-block-column-is-layout-flow\" style=\"flex-basis:33.33%\">\n<figure class=\"wp-block-image size-large\"><img loading=\"lazy\" decoding=\"async\" width=\"1024\" height=\"1024\" src=\"https:\/\/kangouroukit.com\/new\/wp-content\/uploads\/2025\/01\/grace-1024x1024.png\" alt=\"\" class=\"wp-image-27\" srcset=\"https:\/\/kangouroukit.com\/wp-content\/uploads\/2025\/01\/grace-1024x1024.png 1024w, https:\/\/kangouroukit.com\/wp-content\/uploads\/2025\/01\/grace-300x300.png 300w, https:\/\/kangouroukit.com\/wp-content\/uploads\/2025\/01\/grace-150x150.png 150w, https:\/\/kangouroukit.com\/wp-content\/uploads\/2025\/01\/grace-768x768.png 768w, https:\/\/kangouroukit.com\/wp-content\/uploads\/2025\/01\/grace.png 1080w\" sizes=\"auto, (max-width: 1024px) 100vw, 1024px\" \/><\/figure>\n<\/div>\n\n\n\n<div class=\"wp-block-column is-vertically-aligned-center is-layout-flow wp-block-column-is-layout-flow\" style=\"flex-basis:66.66%\">\n<h2 class=\"wp-block-heading\">Mot de la pr\u00e9sidente et cr\u00e9atrice de l&rsquo;association<\/h2>\n\n\n\n<p>Je m\u2019appelle Grace Bahouka-D\u00e9bat, je suis sage-femme. D\u2019origine congolaise, j\u2019ai voulu en apprendre d\u2019avantage sur le pays natal de mes parents. Pour finaliser mes \u00e9tudes, j\u2019ai donc d\u00e9cid\u00e9 d&rsquo;\u00e9crire un m\u00e9moire sur la pratique de la sage-femme au Congo. J\u2019ai alors d\u00e9couvert un pays plein de richesses mais entach\u00e9 d\u2019une pauvret\u00e9 populaire. Le but de mon m\u00e9moire \u00e9tait de comprendre comment les sages-femmes congolaises luttaient et luttent encore contre la mortalit\u00e9 maternelle et infantile qui ne diminuent pas.<\/p>\n\n\n\n<p>Lorsque ma m\u00e8re me d\u00e9crivait les conditions d\u2019accouchement, je me suis tout de suite positionn\u00e9e dans l\u2019intention d\u2019aider les populations le plus simplement et le plus pratiquement. C\u2019est alors qu\u2019est n\u00e9e l\u2019id\u00e9e de Kangourou Kit !<\/p>\n<\/div>\n<\/div>\n\n\n\n<div class=\"wp-block-columns is-layout-flex wp-container-core-columns-is-layout-47c5d72a wp-block-columns-is-layout-flex\" style=\"margin-bottom:var(--wp--preset--spacing--80)\">\n<div class=\"wp-block-column is-layout-flow wp-block-column-is-layout-flow\">\n<figure class=\"wp-block-image size-large is-resized\"><img loading=\"lazy\" decoding=\"async\" width=\"1024\" height=\"939\" src=\"https:\/\/kangouroukit.com\/new\/wp-content\/uploads\/2025\/01\/picto-membre-1-1024x939.png\" alt=\"\" class=\"wp-image-28\" style=\"width:61px;height:auto\" srcset=\"https:\/\/kangouroukit.com\/wp-content\/uploads\/2025\/01\/picto-membre-1-1024x939.png 1024w, https:\/\/kangouroukit.com\/wp-content\/uploads\/2025\/01\/picto-membre-1-300x275.png 300w, https:\/\/kangouroukit.com\/wp-content\/uploads\/2025\/01\/picto-membre-1-768x704.png 768w, https:\/\/kangouroukit.com\/wp-content\/uploads\/2025\/01\/picto-membre-1-1536x1409.png 1536w, https:\/\/kangouroukit.com\/wp-content\/uploads\/2025\/01\/picto-membre-1.png 2004w\" sizes=\"auto, (max-width: 1024px) 100vw, 1024px\" \/><\/figure>\n\n\n\n<h3 class=\"wp-block-heading has-regular-font-size\">Des b\u00e9n\u00e9voles passionn\u00e9s<\/h3>\n\n\n\n<p>Kangourou Kit est une association d\u00e9clar\u00e9e par la loi du 1er juillet 1901 depuis 2019. Tous nos membres sont b\u00e9n\u00e9voles et ont \u00e0 coeur la cause de la population congolaise.<\/p>\n<\/div>\n\n\n\n<div class=\"wp-block-column is-layout-flow wp-block-column-is-layout-flow\">\n<figure class=\"wp-block-image size-large is-resized\"><img loading=\"lazy\" decoding=\"async\" width=\"816\" height=\"1024\" src=\"https:\/\/kangouroukit.com\/new\/wp-content\/uploads\/2025\/01\/picto-kit-1-816x1024.png\" alt=\"\" class=\"wp-image-29\" style=\"width:37px;height:auto\" srcset=\"https:\/\/kangouroukit.com\/wp-content\/uploads\/2025\/01\/picto-kit-1-816x1024.png 816w, https:\/\/kangouroukit.com\/wp-content\/uploads\/2025\/01\/picto-kit-1-239x300.png 239w, https:\/\/kangouroukit.com\/wp-content\/uploads\/2025\/01\/picto-kit-1-768x964.png 768w, https:\/\/kangouroukit.com\/wp-content\/uploads\/2025\/01\/picto-kit-1.png 929w\" sizes=\"auto, (max-width: 816px) 100vw, 816px\" \/><\/figure>\n\n\n\n<h3 class=\"wp-block-heading has-regular-font-size\">Distribution de Kits d&rsquo;accouchement au Congo<\/h3>\n\n\n\n<p>La mission de Kangourou Kit est de confectionner et offrir des kits d\u2019accouchements aux futures mamans congolaises les plus d\u00e9munies.<\/p>\n<\/div>\n\n\n\n<div class=\"wp-block-column is-layout-flow wp-block-column-is-layout-flow\">\n<figure class=\"wp-block-image size-full is-resized\"><img loading=\"lazy\" decoding=\"async\" width=\"512\" height=\"512\" src=\"https:\/\/kangouroukit.com\/new\/wp-content\/uploads\/2025\/01\/why-1.png\" alt=\"\" class=\"wp-image-30\" style=\"width:48px;height:auto\" srcset=\"https:\/\/kangouroukit.com\/wp-content\/uploads\/2025\/01\/why-1.png 512w, https:\/\/kangouroukit.com\/wp-content\/uploads\/2025\/01\/why-1-300x300.png 300w, https:\/\/kangouroukit.com\/wp-content\/uploads\/2025\/01\/why-1-150x150.png 150w\" sizes=\"auto, (max-width: 512px) 100vw, 512px\" \/><\/figure>\n\n\n\n<h3 class=\"wp-block-heading has-regular-font-size\">Pourquoi ?<\/h3>\n\n\n\n<p>En r\u00e9publique du Congo, le syst\u00e8me de sant\u00e9 est bien diff\u00e9rent et les femmes doivent apporter leur propre mat\u00e9riel command\u00e9 en pharmacie, qu\u2019elles soient riches ou pauvres. Nos kits d&rsquo;accouchement contiennent tout le mat\u00e9riel n\u00e9cessaire \u00e0 l\u2019accueil du nouveau-n\u00e9 et les suites de naissance.<\/p>\n<\/div>\n<\/div>\n\n\n\n<div class=\"wp-block-columns has-section-bg-background-color has-background is-layout-flex wp-container-core-columns-is-layout-1e297cbc wp-block-columns-is-layout-flex\" style=\"padding-top:var(--wp--preset--spacing--70);padding-bottom:var(--wp--preset--spacing--70)\">\n<div class=\"wp-block-column is-layout-flow wp-block-column-is-layout-flow\" style=\"flex-basis:25%\"><\/div>\n\n\n\n<div class=\"wp-block-column is-layout-flow wp-block-column-is-layout-flow\" style=\"flex-basis:50%\">\n<h2 class=\"wp-block-heading has-text-align-center has-body-text-color has-text-color has-link-color wp-elements-3b149d2ee876d0c84b0d193edee7686c\">Kangourou Kit a des p\u00f4les d&rsquo;actions en France, en R\u00e9publique du Congo et en suisse<\/h2>\n\n\n\n<figure class=\"wp-block-image aligncenter size-large is-resized\"><img loading=\"lazy\" decoding=\"async\" width=\"1024\" height=\"551\" src=\"https:\/\/kangouroukit.com\/new\/wp-content\/uploads\/2025\/02\/flags-1024x551.png\" alt=\"\" class=\"wp-image-260\" style=\"width:325px;height:auto\" srcset=\"https:\/\/kangouroukit.com\/wp-content\/uploads\/2025\/02\/flags-1024x551.png 1024w, https:\/\/kangouroukit.com\/wp-content\/uploads\/2025\/02\/flags-300x161.png 300w, https:\/\/kangouroukit.com\/wp-content\/uploads\/2025\/02\/flags-768x413.png 768w, https:\/\/kangouroukit.com\/wp-content\/uploads\/2025\/02\/flags.png 1231w\" sizes=\"auto, (max-width: 1024px) 100vw, 1024px\" \/><\/figure>\n<\/div>\n\n\n\n<div class=\"wp-block-column is-layout-flow wp-block-column-is-layout-flow\" style=\"flex-basis:25%\"><\/div>\n<\/div>\n\n\n\n<div class=\"wp-block-columns is-layout-flex wp-container-core-columns-is-layout-28f84493 wp-block-columns-is-layout-flex\">\n<div class=\"wp-block-column is-layout-flow wp-block-column-is-layout-flow\">\n<div class=\"wp-block-cover\"><span aria-hidden=\"true\" class=\"wp-block-cover__background has-background-dim\" style=\"background-color:#6f7a68\"><\/span><img loading=\"lazy\" decoding=\"async\" width=\"1900\" height=\"671\" class=\"wp-block-cover__image-background wp-image-31\" alt=\"\" src=\"https:\/\/kangouroukit.com\/new\/wp-content\/uploads\/2025\/01\/context-entete1.jpg\" data-object-fit=\"cover\" srcset=\"https:\/\/kangouroukit.com\/wp-content\/uploads\/2025\/01\/context-entete1.jpg 1900w, https:\/\/kangouroukit.com\/wp-content\/uploads\/2025\/01\/context-entete1-300x106.jpg 300w, https:\/\/kangouroukit.com\/wp-content\/uploads\/2025\/01\/context-entete1-1024x362.jpg 1024w, https:\/\/kangouroukit.com\/wp-content\/uploads\/2025\/01\/context-entete1-768x271.jpg 768w, https:\/\/kangouroukit.com\/wp-content\/uploads\/2025\/01\/context-entete1-1536x542.jpg 1536w\" sizes=\"auto, (max-width: 1900px) 100vw, 1900px\" \/><div class=\"wp-block-cover__inner-container has-global-padding is-layout-constrained wp-block-cover-is-layout-constrained\">\n<h2 class=\"wp-block-heading has-text-align-center has-large-font-size\">Pourquoi Kangourou Kit ?<\/h2>\n\n\n\n<p class=\"has-text-align-center\">Non, il n\u2019y a pas de kangourous au Congo mais tout comme les kangourous, les femmes congolaises ont leurs b\u00e9b\u00e9s toujours avec elles : dans le ventre quand elles sont enceintes et dans le dos quand ils naissent !<\/p>\n<\/div><\/div>\n\n\n\n<div class=\"wp-block-columns is-layout-flex wp-container-core-columns-is-layout-28f84493 wp-block-columns-is-layout-flex\">\n<div class=\"wp-block-column is-layout-flow wp-block-column-is-layout-flow\"><\/div>\n<\/div>\n\n\n\n<h2 class=\"wp-block-heading\">L&rsquo;\u00e9quipe de b\u00e9n\u00e9voles<\/h2>\n\n\n\n<p>Tous les b\u00e9n\u00e9voles de Kangourou Kit donnent de leur temps et de leurs comp\u00e9tences gratuitement et avec joie. Nous souhaitons aider les femmes congolaises dans une des \u00e9tapes les plus importantes de leur vie.<\/p>\n\n\n\n<div class=\"wp-block-columns is-layout-flex wp-container-core-columns-is-layout-28f84493 wp-block-columns-is-layout-flex\">\n<div class=\"wp-block-column is-layout-flow wp-block-column-is-layout-flow\">\n<figure class=\"wp-block-image aligncenter size-large\"><img loading=\"lazy\" decoding=\"async\" width=\"1024\" height=\"1024\" src=\"https:\/\/kangouroukit.com\/new\/wp-content\/uploads\/2025\/01\/trombi-grace-2-1024x1024.jpg\" alt=\"\" class=\"wp-image-38\" srcset=\"https:\/\/kangouroukit.com\/wp-content\/uploads\/2025\/01\/trombi-grace-2-1024x1024.jpg 1024w, https:\/\/kangouroukit.com\/wp-content\/uploads\/2025\/01\/trombi-grace-2-300x300.jpg 300w, https:\/\/kangouroukit.com\/wp-content\/uploads\/2025\/01\/trombi-grace-2-150x150.jpg 150w, https:\/\/kangouroukit.com\/wp-content\/uploads\/2025\/01\/trombi-grace-2-768x768.jpg 768w, https:\/\/kangouroukit.com\/wp-content\/uploads\/2025\/01\/trombi-grace-2.jpg 1079w\" sizes=\"auto, (max-width: 1024px) 100vw, 1024px\" \/><\/figure>\n\n\n\n<h4 class=\"wp-block-heading\">Grace<\/h4>\n\n\n\n<p><strong>Responsable P\u00f4le France<\/strong><\/p>\n\n\n\n<p>Celle sans qui Kangourou Kit n&rsquo;aurait jamais vu le jour. Determin\u00e9e et le coeur sur la main, elle dirige toute l&rsquo;\u00e9quipe avec douceur. Elle a \u00e0 coeur d\u2019aider la population du pays de ses parents par son m\u00e9tier de sage-femme.<\/p>\n\n\n\n<p>Au quotidien elle est sage-femme. Les femmes enceintes et les b\u00e9b\u00e9s, elle s&rsquo;y conna\u00eet !<\/p>\n<\/div>\n\n\n\n<div class=\"wp-block-column is-layout-flow wp-block-column-is-layout-flow\">\n<figure class=\"wp-block-image aligncenter size-large\"><img loading=\"lazy\" decoding=\"async\" width=\"1024\" height=\"1024\" src=\"https:\/\/kangouroukit.com\/new\/wp-content\/uploads\/2025\/01\/noelle-1024x1024.jpg\" alt=\"\" class=\"wp-image-39\" srcset=\"https:\/\/kangouroukit.com\/wp-content\/uploads\/2025\/01\/noelle-1024x1024.jpg 1024w, https:\/\/kangouroukit.com\/wp-content\/uploads\/2025\/01\/noelle-300x300.jpg 300w, https:\/\/kangouroukit.com\/wp-content\/uploads\/2025\/01\/noelle-150x150.jpg 150w, https:\/\/kangouroukit.com\/wp-content\/uploads\/2025\/01\/noelle-768x768.jpg 768w, https:\/\/kangouroukit.com\/wp-content\/uploads\/2025\/01\/noelle-1536x1536.jpg 1536w, https:\/\/kangouroukit.com\/wp-content\/uploads\/2025\/01\/noelle.jpg 2000w\" sizes=\"auto, (max-width: 1024px) 100vw, 1024px\" \/><\/figure>\n\n\n\n<h4 class=\"wp-block-heading\">No\u00eblle<\/h4>\n\n\n\n<p><strong>Responsable P\u00f4le Congo<\/strong><\/p>\n\n\n\n<p>Voici Maman No\u00eblle, notre maman \u00e0 nous (mais surtout la maman de Grace). Dynamique et assur\u00e9e, elle motive toute l&rsquo;\u00e9quipe avec sa bonne humeur et sa passion.<\/p>\n\n\n\n<p>En dehors de l\u2019association elle est assistante sociale. M\u00e8re de 5 enfants, elle a un sens de l\u2019organisation et le leadership d\u00e9velopp\u00e9.<\/p>\n<\/div>\n\n\n\n<div class=\"wp-block-column is-layout-flow wp-block-column-is-layout-flow\">\n<figure class=\"wp-block-image aligncenter size-full is-resized\"><img loading=\"lazy\" decoding=\"async\" width=\"180\" height=\"180\" src=\"https:\/\/kangouroukit.com\/new\/wp-content\/uploads\/2025\/01\/Pauline-nb.jpg\" alt=\"\" class=\"wp-image-41\" style=\"width:357px;height:auto\" srcset=\"https:\/\/kangouroukit.com\/wp-content\/uploads\/2025\/01\/Pauline-nb.jpg 180w, https:\/\/kangouroukit.com\/wp-content\/uploads\/2025\/01\/Pauline-nb-150x150.jpg 150w\" sizes=\"auto, (max-width: 180px) 100vw, 180px\" \/><\/figure>\n\n\n\n<h4 class=\"wp-block-heading\">Pauline<\/h4>\n\n\n\n<p><strong>Responsable P\u00f4le Suisse<\/strong><\/p>\n\n\n\n<p>Sage-femme depuis trois ans et demi j\u2019ai rencontr\u00e9 Grace au travail, c\u2019est l\u2019une de mes coll\u00e8gues et elle est devenue une pr\u00e9cieuse amie. <\/p>\n\n\n\n<p>A travers elle, j&rsquo;ai d\u00e9couvert la cause que d\u00e9fendait Kangourou kit et qui me tient \u00e0 c\u0153ur maintenant car chaque kit distribu\u00e9 repr\u00e9sente une aide pr\u00e9cieuse pour ces femmes et nouveaux-n\u00e9s qui en ont tant besoin! Je suis ravie d\u2019\u00eatre responsable du p\u00f4le Kangourou Kit Suisse.<\/p>\n<\/div>\n<\/div>\n<\/div>\n<\/div>\n\n\n\n<div class=\"wp-block-columns is-layout-flex wp-container-core-columns-is-layout-28f84493 wp-block-columns-is-layout-flex\">\n<div class=\"wp-block-column is-layout-flow wp-block-column-is-layout-flow\">\n<figure class=\"wp-block-image aligncenter size-full\"><img loading=\"lazy\" decoding=\"async\" width=\"1000\" height=\"1000\" src=\"https:\/\/kangouroukit.com\/new\/wp-content\/uploads\/2025\/01\/trombi-gracia-1.jpg\" alt=\"\" class=\"wp-image-42\" srcset=\"https:\/\/kangouroukit.com\/wp-content\/uploads\/2025\/01\/trombi-gracia-1.jpg 1000w, https:\/\/kangouroukit.com\/wp-content\/uploads\/2025\/01\/trombi-gracia-1-300x300.jpg 300w, https:\/\/kangouroukit.com\/wp-content\/uploads\/2025\/01\/trombi-gracia-1-150x150.jpg 150w, https:\/\/kangouroukit.com\/wp-content\/uploads\/2025\/01\/trombi-gracia-1-768x768.jpg 768w\" sizes=\"auto, (max-width: 1000px) 100vw, 1000px\" \/><\/figure>\n\n\n\n<h4 class=\"wp-block-heading\">Gracia<\/h4>\n\n\n\n<p>Pleine de bonnes id\u00e9es et toujours pr\u00eate \u00e0 porter main forte, Gracia a eu \u00e0 c\u0153ur d&rsquo;int\u00e9grer l&rsquo;association car elle veut soutenir son pays natale.<\/p>\n\n\n\n<p>Au quotidien elle est biologiste, c&rsquo;est la scientifique de l&rsquo;\u00e9quipe.<\/p>\n<\/div>\n\n\n\n<div class=\"wp-block-column is-layout-flow wp-block-column-is-layout-flow\">\n<figure class=\"wp-block-image size-full\"><img loading=\"lazy\" decoding=\"async\" width=\"722\" height=\"723\" src=\"https:\/\/kangouroukit.com\/new\/wp-content\/uploads\/2025\/01\/trombi-lisa-1.jpg\" alt=\"\" class=\"wp-image-43\" srcset=\"https:\/\/kangouroukit.com\/wp-content\/uploads\/2025\/01\/trombi-lisa-1.jpg 722w, https:\/\/kangouroukit.com\/wp-content\/uploads\/2025\/01\/trombi-lisa-1-300x300.jpg 300w, https:\/\/kangouroukit.com\/wp-content\/uploads\/2025\/01\/trombi-lisa-1-150x150.jpg 150w\" sizes=\"auto, (max-width: 722px) 100vw, 722px\" \/><\/figure>\n\n\n\n<h4 class=\"wp-block-heading\">Lisa<\/h4>\n\n\n\n<p>La cr\u00e9ative de l&rsquo;\u00e9quipe. Maman de deux petits anges \u00e0 moiti\u00e9 congolais, elle est touch\u00e9e par la situation des femmes enceintes et des b\u00e9b\u00e9s du Congo.<\/p>\n\n\n\n<p>En dehors de l&rsquo;association elle est graphiste freelance et elle met ses comp\u00e9tences au service de l&rsquo;association.<\/p>\n<\/div>\n\n\n\n<div class=\"wp-block-column is-layout-flow wp-block-column-is-layout-flow\"><\/div>\n<\/div>\n","protected":false},"excerpt":{"rendered":"<p>Mot de la pr\u00e9sidente et cr\u00e9atrice de l&rsquo;association Je m\u2019appelle Grace Bahouka-D\u00e9bat, je suis sage-femme. D\u2019origine congolaise, j\u2019ai voulu en apprendre d\u2019avantage sur le pays natal de mes parents. Pour finaliser mes \u00e9tudes, j\u2019ai donc d\u00e9cid\u00e9 d&rsquo;\u00e9crire un m\u00e9moire sur la pratique de la sage-femme au Congo. J\u2019ai alors d\u00e9couvert un pays plein de richesses [&hellip;]<\/p>\n","protected":false},"author":1,"featured_media":0,"parent":0,"menu_order":0,"comment_status":"closed","ping_status":"closed","template":"","meta":{"footnotes":""},"class_list":["post-23","page","type-page","status-publish","hentry"],"_links":{"self":[{"href":"https:\/\/kangouroukit.com\/index.php?rest_route=\/wp\/v2\/pages\/23","targetHints":{"allow":["GET"]}}],"collection":[{"href":"https:\/\/kangouroukit.com\/index.php?rest_route=\/wp\/v2\/pages"}],"about":[{"href":"https:\/\/kangouroukit.com\/index.php?rest_route=\/wp\/v2\/types\/page"}],"author":[{"embeddable":true,"href":"https:\/\/kangouroukit.com\/index.php?rest_route=\/wp\/v2\/users\/1"}],"replies":[{"embeddable":true,"href":"https:\/\/kangouroukit.com\/index.php?rest_route=%2Fwp%2Fv2%2Fcomments&post=23"}],"version-history":[{"count":9,"href":"https:\/\/kangouroukit.com\/index.php?rest_route=\/wp\/v2\/pages\/23\/revisions"}],"predecessor-version":[{"id":262,"href":"https:\/\/kangouroukit.com\/index.php?rest_route=\/wp\/v2\/pages\/23\/revisions\/262"}],"wp:attachment":[{"href":"https:\/\/kangouroukit.com\/index.php?rest_route=%2Fwp%2Fv2%2Fmedia&parent=23"}],"curies":[{"name":"wp","href":"https:\/\/api.w.org\/{rel}","templated":true}]}}