{"id":330,"date":"2026-03-01T16:52:23","date_gmt":"2026-03-01T15:52:23","guid":{"rendered":"https:\/\/kangouroukit.com\/?page_id=330"},"modified":"2026-03-26T21:32:21","modified_gmt":"2026-03-26T20:32:21","slug":"grand-projet-10-ans-de-kangourou-kit","status":"publish","type":"page","link":"https:\/\/kangouroukit.com\/?page_id=330","title":{"rendered":"pr\u00e9paration du Voyage 2026"},"content":{"rendered":"\n<p class=\"has-text-align-left\">Nous lan\u00e7ons une cagnotte pour notre voyage de septembre 2026 !<br>Cette ann\u00e9e, nous souhaitons orienter notre mission vers le soutien aux centres de sant\u00e9. Notre objectif est d\u2019apporter \u00e0 la fois une aide mat\u00e9rielle et une aide humaine sur place. Nous d\u00e9sirons \u00eatre au plus pr\u00e8s des sages-femmes afin de les accompagner dans leur travail quotidien et les soulager dans leur charge de travail. Nous esp\u00e9rons pouvoir soutenir principalement trois centres : le centre de sant\u00e9 du quartier Jean Denis, le centre de sant\u00e9 de M. Mouissou et celui de Mvoumvou. Nous pr\u00eaterons \u00e9galement main forte \u00e0 l\u2019\u00e9quipe de la maternit\u00e9 de l\u2019h\u00f4pital de Congo Malembe.<\/p>\n\n\n\n<p>Vous les savez bien, cette cagnotte est totalement revers\u00e9 au b\u00e9n\u00e9fice des femmes. Nos billets d&rsquo;avions sont pay\u00e9s personnellement par chaque co\u00e9quipier qui voyage avec nous. <\/p>\n\n\n\n<p>Pour participer au projet, c&rsquo;est tr\u00e8s simple. Choisissez ce que vous souhaitez financer et offrez le montant de votre article dans la cagnotte. En euro ou en CHF tout est possible !<\/p>\n\n\n\n<div class=\"wp-block-buttons wp-container-content-69bc4bdf is-content-justification-center is-layout-flex wp-container-core-buttons-is-layout-749adb30 wp-block-buttons-is-layout-flex\">\n<div class=\"wp-block-button\"><a class=\"wp-block-button__link wp-element-button\" href=\"https:\/\/happypot.ch\/fr\/cagnotte\/kangourou-kit-cagnotte-2026-894448320403242\">Cagnotte en Francs Suisse<\/a><\/div>\n\n\n\n<div class=\"wp-block-button\"><a class=\"wp-block-button__link wp-element-button\" href=\"https:\/\/www.helloasso.com\/associations\/kangourou-kit\/collectes\/grand-projet-10-ans-de-kangourou-kit\">Cagnotte en Euros<\/a><\/div>\n<\/div>\n\n\n\n<div class=\"wp-block-group is-layout-grid wp-container-core-group-is-layout-478b6e6b wp-block-group-is-layout-grid\">\n<div class=\"wp-block-group is-layout-grid wp-container-core-group-is-layout-478b6e6b wp-block-group-is-layout-grid\">\n<div class=\"wp-block-group is-layout-grid wp-container-core-group-is-layout-478b6e6b wp-block-group-is-layout-grid\">\n<div class=\"wp-block-group is-layout-grid wp-container-core-group-is-layout-478b6e6b wp-block-group-is-layout-grid\">\n<div class=\"wp-block-group is-layout-grid wp-container-core-group-is-layout-478b6e6b wp-block-group-is-layout-grid\">\n<div class=\"wp-block-group is-layout-grid wp-container-core-group-is-layout-478b6e6b wp-block-group-is-layout-grid\">\n<figure class=\"wp-block-image size-large\"><img loading=\"lazy\" decoding=\"async\" width=\"1024\" height=\"1024\" src=\"https:\/\/kangouroukit.com\/wp-content\/uploads\/2026\/03\/piles-1024x1024.jpg\" alt=\"\" class=\"wp-image-358\" srcset=\"https:\/\/kangouroukit.com\/wp-content\/uploads\/2026\/03\/piles-1024x1024.jpg 1024w, https:\/\/kangouroukit.com\/wp-content\/uploads\/2026\/03\/piles-300x300.jpg 300w, https:\/\/kangouroukit.com\/wp-content\/uploads\/2026\/03\/piles-150x150.jpg 150w, https:\/\/kangouroukit.com\/wp-content\/uploads\/2026\/03\/piles-768x768.jpg 768w, https:\/\/kangouroukit.com\/wp-content\/uploads\/2026\/03\/piles-1536x1536.jpg 1536w, https:\/\/kangouroukit.com\/wp-content\/uploads\/2026\/03\/piles-2048x2048.jpg 2048w\" sizes=\"auto, (max-width: 1024px) 100vw, 1024px\" \/><figcaption class=\"wp-element-caption\">Lot de piles rechargeables avec chargeur<br>50 euros \/ francs<\/figcaption><\/figure>\n<\/div>\n<\/div>\n<\/div>\n<\/div>\n<\/div>\n\n\n\n<figure class=\"wp-block-image size-large\"><img loading=\"lazy\" decoding=\"async\" width=\"1024\" height=\"1016\" src=\"https:\/\/kangouroukit.com\/wp-content\/uploads\/2026\/02\/head-accessories-9uISZprJdXU-unsplash-1-1024x1016.jpg\" alt=\"\" class=\"wp-image-338\" srcset=\"https:\/\/kangouroukit.com\/wp-content\/uploads\/2026\/02\/head-accessories-9uISZprJdXU-unsplash-1-1024x1016.jpg 1024w, https:\/\/kangouroukit.com\/wp-content\/uploads\/2026\/02\/head-accessories-9uISZprJdXU-unsplash-1-300x298.jpg 300w, https:\/\/kangouroukit.com\/wp-content\/uploads\/2026\/02\/head-accessories-9uISZprJdXU-unsplash-1-150x150.jpg 150w, https:\/\/kangouroukit.com\/wp-content\/uploads\/2026\/02\/head-accessories-9uISZprJdXU-unsplash-1-768x762.jpg 768w, https:\/\/kangouroukit.com\/wp-content\/uploads\/2026\/02\/head-accessories-9uISZprJdXU-unsplash-1-1536x1525.jpg 1536w, https:\/\/kangouroukit.com\/wp-content\/uploads\/2026\/02\/head-accessories-9uISZprJdXU-unsplash-1-2048x2033.jpg 2048w\" sizes=\"auto, (max-width: 1024px) 100vw, 1024px\" \/><figcaption class=\"wp-element-caption\">Lampe frontale pour parer aux coupures d&rsquo;\u00e9lectricit\u00e9 &#8211; lot de 5<br>25 euros \/ francs<\/figcaption><\/figure>\n\n\n\n<figure class=\"wp-block-image size-large\"><img loading=\"lazy\" decoding=\"async\" width=\"1024\" height=\"1024\" src=\"https:\/\/kangouroukit.com\/wp-content\/uploads\/2026\/02\/IMG_5585-1-1024x1024.jpg\" alt=\"\" class=\"wp-image-339\" srcset=\"https:\/\/kangouroukit.com\/wp-content\/uploads\/2026\/02\/IMG_5585-1-1024x1024.jpg 1024w, https:\/\/kangouroukit.com\/wp-content\/uploads\/2026\/02\/IMG_5585-1-300x300.jpg 300w, https:\/\/kangouroukit.com\/wp-content\/uploads\/2026\/02\/IMG_5585-1-150x150.jpg 150w, https:\/\/kangouroukit.com\/wp-content\/uploads\/2026\/02\/IMG_5585-1-768x768.jpg 768w, https:\/\/kangouroukit.com\/wp-content\/uploads\/2026\/02\/IMG_5585-1-1536x1536.jpg 1536w, https:\/\/kangouroukit.com\/wp-content\/uploads\/2026\/02\/IMG_5585-1-2048x2048.jpg 2048w\" sizes=\"auto, (max-width: 1024px) 100vw, 1024px\" \/><figcaption class=\"wp-element-caption\">BAVU pour r\u00e9animer les b\u00e9b\u00e9s qui ont besoin d&rsquo;aide pour respirer<br>30 euros \/ francs<\/figcaption><\/figure>\n\n\n\n<figure class=\"wp-block-image size-large\"><img loading=\"lazy\" decoding=\"async\" width=\"1014\" height=\"1024\" src=\"https:\/\/kangouroukit.com\/wp-content\/uploads\/2026\/02\/kit-1x1-1-1014x1024.jpg\" alt=\"\" class=\"wp-image-341\" srcset=\"https:\/\/kangouroukit.com\/wp-content\/uploads\/2026\/02\/kit-1x1-1-1014x1024.jpg 1014w, https:\/\/kangouroukit.com\/wp-content\/uploads\/2026\/02\/kit-1x1-1-297x300.jpg 297w, https:\/\/kangouroukit.com\/wp-content\/uploads\/2026\/02\/kit-1x1-1-150x150.jpg 150w, https:\/\/kangouroukit.com\/wp-content\/uploads\/2026\/02\/kit-1x1-1-768x776.jpg 768w, https:\/\/kangouroukit.com\/wp-content\/uploads\/2026\/02\/kit-1x1-1.jpg 1200w\" sizes=\"auto, (max-width: 1014px) 100vw, 1014px\" \/><figcaption class=\"wp-element-caption\">1 kit kangourou pour un accouchement en toute s\u00e9curit\u00e9<br>20 euros \/ francs<\/figcaption><\/figure>\n<\/div>\n\n\n\n<div class=\"wp-block-group is-layout-grid wp-container-core-group-is-layout-478b6e6b wp-block-group-is-layout-grid\">\n<div class=\"wp-block-group is-layout-grid wp-container-core-group-is-layout-478b6e6b wp-block-group-is-layout-grid\">\n<figure class=\"wp-block-image size-large\"><img loading=\"lazy\" decoding=\"async\" width=\"1024\" height=\"974\" src=\"https:\/\/kangouroukit.com\/wp-content\/uploads\/2026\/02\/immo-wegmann-njrDE70M2VI-unsplash-2-1024x974.jpg\" alt=\"\" class=\"wp-image-345\" srcset=\"https:\/\/kangouroukit.com\/wp-content\/uploads\/2026\/02\/immo-wegmann-njrDE70M2VI-unsplash-2-1024x974.jpg 1024w, https:\/\/kangouroukit.com\/wp-content\/uploads\/2026\/02\/immo-wegmann-njrDE70M2VI-unsplash-2-300x285.jpg 300w, https:\/\/kangouroukit.com\/wp-content\/uploads\/2026\/02\/immo-wegmann-njrDE70M2VI-unsplash-2-768x730.jpg 768w, https:\/\/kangouroukit.com\/wp-content\/uploads\/2026\/02\/immo-wegmann-njrDE70M2VI-unsplash-2-1536x1460.jpg 1536w, https:\/\/kangouroukit.com\/wp-content\/uploads\/2026\/02\/immo-wegmann-njrDE70M2VI-unsplash-2-2048x1947.jpg 2048w\" sizes=\"auto, (max-width: 1024px) 100vw, 1024px\" \/><figcaption class=\"wp-element-caption\">Tensiom\u00e8tre pour d\u00e9pister la pr\u00e9 \u00e9clampsie  20 euros \/ francs<\/figcaption><\/figure>\n<\/div>\n\n\n\n<figure class=\"wp-block-image size-large\"><img loading=\"lazy\" decoding=\"async\" width=\"1019\" height=\"1024\" src=\"https:\/\/kangouroukit.com\/wp-content\/uploads\/2026\/02\/matthieu-joannon-8umsYTYG_kI-unsplash-1019x1024.jpg\" alt=\"\" class=\"wp-image-342\" srcset=\"https:\/\/kangouroukit.com\/wp-content\/uploads\/2026\/02\/matthieu-joannon-8umsYTYG_kI-unsplash-1019x1024.jpg 1019w, https:\/\/kangouroukit.com\/wp-content\/uploads\/2026\/02\/matthieu-joannon-8umsYTYG_kI-unsplash-300x300.jpg 300w, https:\/\/kangouroukit.com\/wp-content\/uploads\/2026\/02\/matthieu-joannon-8umsYTYG_kI-unsplash-150x150.jpg 150w, https:\/\/kangouroukit.com\/wp-content\/uploads\/2026\/02\/matthieu-joannon-8umsYTYG_kI-unsplash-768x772.jpg 768w, https:\/\/kangouroukit.com\/wp-content\/uploads\/2026\/02\/matthieu-joannon-8umsYTYG_kI-unsplash-1528x1536.jpg 1528w, https:\/\/kangouroukit.com\/wp-content\/uploads\/2026\/02\/matthieu-joannon-8umsYTYG_kI-unsplash-2038x2048.jpg 2038w\" sizes=\"auto, (max-width: 1019px) 100vw, 1019px\" \/><figcaption class=\"wp-element-caption\">D\u00e9sinfectant pour limiter les infections<br>10 euros \/ francs<\/figcaption><\/figure>\n\n\n\n<figure class=\"wp-block-image size-large\"><img loading=\"lazy\" decoding=\"async\" width=\"1013\" height=\"1024\" src=\"https:\/\/kangouroukit.com\/wp-content\/uploads\/2026\/02\/serivettes-hygieniques-1013x1024.jpg\" alt=\"\" class=\"wp-image-343\" srcset=\"https:\/\/kangouroukit.com\/wp-content\/uploads\/2026\/02\/serivettes-hygieniques-1013x1024.jpg 1013w, https:\/\/kangouroukit.com\/wp-content\/uploads\/2026\/02\/serivettes-hygieniques-297x300.jpg 297w, https:\/\/kangouroukit.com\/wp-content\/uploads\/2026\/02\/serivettes-hygieniques-768x777.jpg 768w, https:\/\/kangouroukit.com\/wp-content\/uploads\/2026\/02\/serivettes-hygieniques.jpg 1173w\" sizes=\"auto, (max-width: 1013px) 100vw, 1013px\" \/><figcaption class=\"wp-element-caption\">Serviettes hygi\u00e9niques lavables pour le confort des femmes lot de 5<br>15 euros \/ francs<\/figcaption><\/figure>\n\n\n\n<figure class=\"wp-block-image size-large\"><img loading=\"lazy\" decoding=\"async\" width=\"1007\" height=\"1024\" src=\"https:\/\/kangouroukit.com\/wp-content\/uploads\/2026\/02\/20260228_174039-1007x1024.jpg\" alt=\"\" class=\"wp-image-337\" srcset=\"https:\/\/kangouroukit.com\/wp-content\/uploads\/2026\/02\/20260228_174039-1007x1024.jpg 1007w, https:\/\/kangouroukit.com\/wp-content\/uploads\/2026\/02\/20260228_174039-295x300.jpg 295w, https:\/\/kangouroukit.com\/wp-content\/uploads\/2026\/02\/20260228_174039-768x781.jpg 768w, https:\/\/kangouroukit.com\/wp-content\/uploads\/2026\/02\/20260228_174039-1511x1536.jpg 1511w, https:\/\/kangouroukit.com\/wp-content\/uploads\/2026\/02\/20260228_174039-2014x2048.jpg 2014w\" sizes=\"auto, (max-width: 1007px) 100vw, 1007px\" \/><figcaption class=\"wp-element-caption\">Dopton pour \u00e9couter le c\u0153ur du b\u00e9b\u00e9 avant l&rsquo;accouchement <br>150 euros \/ francs<\/figcaption><\/figure>\n<\/div>\n","protected":false},"excerpt":{"rendered":"<p>Nous lan\u00e7ons une cagnotte pour notre voyage de septembre 2026 !Cette ann\u00e9e, nous souhaitons orienter notre mission vers le soutien aux centres de sant\u00e9. Notre objectif est d\u2019apporter \u00e0 la fois une aide mat\u00e9rielle et une aide humaine sur place. Nous d\u00e9sirons \u00eatre au plus pr\u00e8s des sages-femmes afin de les accompagner dans leur travail [&hellip;]<\/p>\n","protected":false},"author":1,"featured_media":0,"parent":0,"menu_order":0,"comment_status":"closed","ping_status":"closed","template":"","meta":{"footnotes":""},"class_list":["post-330","page","type-page","status-publish","hentry"],"_links":{"self":[{"href":"https:\/\/kangouroukit.com\/index.php?rest_route=\/wp\/v2\/pages\/330","targetHints":{"allow":["GET"]}}],"collection":[{"href":"https:\/\/kangouroukit.com\/index.php?rest_route=\/wp\/v2\/pages"}],"about":[{"href":"https:\/\/kangouroukit.com\/index.php?rest_route=\/wp\/v2\/types\/page"}],"author":[{"embeddable":true,"href":"https:\/\/kangouroukit.com\/index.php?rest_route=\/wp\/v2\/users\/1"}],"replies":[{"embeddable":true,"href":"https:\/\/kangouroukit.com\/index.php?rest_route=%2Fwp%2Fv2%2Fcomments&post=330"}],"version-history":[{"count":10,"href":"https:\/\/kangouroukit.com\/index.php?rest_route=\/wp\/v2\/pages\/330\/revisions"}],"predecessor-version":[{"id":399,"href":"https:\/\/kangouroukit.com\/index.php?rest_route=\/wp\/v2\/pages\/330\/revisions\/399"}],"wp:attachment":[{"href":"https:\/\/kangouroukit.com\/index.php?rest_route=%2Fwp%2Fv2%2Fmedia&parent=330"}],"curies":[{"name":"wp","href":"https:\/\/api.w.org\/{rel}","templated":true}]}}