{"id":50,"date":"2025-01-30T16:01:19","date_gmt":"2025-01-30T15:01:19","guid":{"rendered":"https:\/\/kangouroukit.com\/new\/?page_id=50"},"modified":"2025-08-05T19:22:37","modified_gmt":"2025-08-05T17:22:37","slug":"nous-soutenir","status":"publish","type":"page","link":"https:\/\/kangouroukit.com\/?page_id=50","title":{"rendered":"Nous soutenir"},"content":{"rendered":"\n<h2 class=\"wp-block-heading has-text-align-center\">Participez \u00e0 l&rsquo;aventure Kangourou Kit<\/h2>\n\n\n\n<p class=\"has-text-align-center\">Vous souhaitez vous aussi pouvoir impacter la vie des futures mamans et des b\u00e9b\u00e9s en R\u00e9publique du Congo ? Plusieurs solutions sont possible pour contribuer.<\/p>\n\n\n\n<div class=\"wp-block-columns is-layout-flex wp-container-core-columns-is-layout-28f84493 wp-block-columns-is-layout-flex\">\n<div class=\"wp-block-column is-layout-flow wp-block-column-is-layout-flow\">\n<div class=\"wp-block-columns is-layout-flex wp-container-core-columns-is-layout-28f84493 wp-block-columns-is-layout-flex\">\n<div class=\"wp-block-column has-background has-global-padding is-layout-constrained wp-container-core-column-is-layout-ba3d759a wp-block-column-is-layout-constrained\" style=\"background-color:#ff6a0012;padding-top:var(--wp--preset--spacing--50);padding-right:var(--wp--preset--spacing--50);padding-bottom:var(--wp--preset--spacing--50);padding-left:var(--wp--preset--spacing--50)\">\n<figure class=\"wp-block-image aligncenter size-large is-resized\"><img loading=\"lazy\" decoding=\"async\" width=\"1024\" height=\"1024\" src=\"https:\/\/kangouroukit.com\/new\/wp-content\/uploads\/2025\/02\/picto-don-1024x1024.png\" alt=\"\" class=\"wp-image-257\" style=\"width:46px;height:auto\" srcset=\"https:\/\/kangouroukit.com\/wp-content\/uploads\/2025\/02\/picto-don-1024x1024.png 1024w, https:\/\/kangouroukit.com\/wp-content\/uploads\/2025\/02\/picto-don-300x300.png 300w, https:\/\/kangouroukit.com\/wp-content\/uploads\/2025\/02\/picto-don-150x150.png 150w, https:\/\/kangouroukit.com\/wp-content\/uploads\/2025\/02\/picto-don-768x769.png 768w, https:\/\/kangouroukit.com\/wp-content\/uploads\/2025\/02\/picto-don-1534x1536.png 1534w, https:\/\/kangouroukit.com\/wp-content\/uploads\/2025\/02\/picto-don.png 1829w\" sizes=\"auto, (max-width: 1024px) 100vw, 1024px\" \/><\/figure>\n\n\n\n<h4 class=\"wp-block-heading has-text-align-center\">Faites un don \u00e0 l\u2019association (EN EUROS)<\/h4>\n\n\n\n<div class=\"wp-block-buttons is-content-justification-center is-layout-flex wp-container-core-buttons-is-layout-a89b3969 wp-block-buttons-is-layout-flex\">\n<div class=\"wp-block-button\"><a class=\"wp-block-button__link wp-element-button\" href=\"https:\/\/www.helloasso.com\/associations\/kangourou-kit\/formulaires\/1?_ga=2.65315438.1720025605.1666965988-806206398.1664796538&amp;_gl=1%2afns8y7%2a_ga%2aODA2MjA2Mzk4LjE2NjQ3OTY1Mzg.%2a_ga_TKC826G3G2%2aMTY2Njk2NTk4OC41LjEuMTY2Njk2NTk5NS4wLjAuMA..\" target=\"_blank\" rel=\"noreferrer noopener\">Via la cagnotte en ligne<\/a><\/div>\n<\/div>\n\n\n\n<h6 class=\"wp-block-heading has-text-align-center\"><strong>Par virement bancaire<\/strong><\/h6>\n\n\n\n<p class=\"has-text-align-center\"><em>Kangourou Kit<br>IBAN : FR 76 10278091100002009190188<br>BIC : CMCI FR 2A<\/em><\/p>\n\n\n\n<h6 class=\"wp-block-heading has-text-align-center\"><strong>Par ch\u00e8que<\/strong><\/h6>\n\n\n\n<p class=\"has-text-align-center\">K<em>angourou Kit, 62 rue du Vaccares, 34080 Montpellier<\/em><\/p>\n<\/div>\n\n\n\n<div class=\"wp-block-column has-background has-global-padding is-layout-constrained wp-container-core-column-is-layout-ba3d759a wp-block-column-is-layout-constrained\" style=\"background-color:#ff6a0012;padding-top:var(--wp--preset--spacing--50);padding-right:var(--wp--preset--spacing--50);padding-bottom:var(--wp--preset--spacing--50);padding-left:var(--wp--preset--spacing--50)\">\n<figure class=\"wp-block-image aligncenter size-large is-resized\"><img loading=\"lazy\" decoding=\"async\" width=\"1024\" height=\"1024\" src=\"https:\/\/kangouroukit.com\/new\/wp-content\/uploads\/2025\/02\/picto-don-1024x1024.png\" alt=\"\" class=\"wp-image-257\" style=\"width:46px;height:auto\" srcset=\"https:\/\/kangouroukit.com\/wp-content\/uploads\/2025\/02\/picto-don-1024x1024.png 1024w, https:\/\/kangouroukit.com\/wp-content\/uploads\/2025\/02\/picto-don-300x300.png 300w, https:\/\/kangouroukit.com\/wp-content\/uploads\/2025\/02\/picto-don-150x150.png 150w, https:\/\/kangouroukit.com\/wp-content\/uploads\/2025\/02\/picto-don-768x769.png 768w, https:\/\/kangouroukit.com\/wp-content\/uploads\/2025\/02\/picto-don-1534x1536.png 1534w, https:\/\/kangouroukit.com\/wp-content\/uploads\/2025\/02\/picto-don.png 1829w\" sizes=\"auto, (max-width: 1024px) 100vw, 1024px\" \/><\/figure>\n\n\n\n<h4 class=\"wp-block-heading has-text-align-center\">Depuis la suisse ?<\/h4>\n\n\n\n<h6 class=\"wp-block-heading has-text-align-center\">faites un don <strong>Par virement bancaire<\/strong><\/h6>\n\n\n\n<p class=\"has-text-align-center\">Kangourou kit                                            IBAN: CH25 0078 8000 0512 3315 5         BIC: BCGECHGGXXX<\/p>\n\n\n\n<hr class=\"wp-block-separator has-text-color has-body-text-color has-alpha-channel-opacity has-body-text-background-color has-background\" style=\"margin-top:var(--wp--preset--spacing--50);margin-bottom:var(--wp--preset--spacing--50)\"\/>\n\n\n\n<h4 class=\"wp-block-heading has-text-align-center\">Depuis le CONGO ?<\/h4>\n\n\n\n<h6 class=\"wp-block-heading has-text-align-center\">faites un don <strong>Par virement bancaire<\/strong><\/h6>\n\n\n\n<p class=\"has-text-align-center\">[<em>Bient\u00f4t disponible]<\/em><\/p>\n<\/div>\n\n\n\n<div class=\"wp-block-column is-vertically-aligned-center has-background has-global-padding is-layout-constrained wp-container-core-column-is-layout-ba3d759a wp-block-column-is-layout-constrained\" style=\"background-color:#ff6a0012;padding-top:var(--wp--preset--spacing--50);padding-right:var(--wp--preset--spacing--50);padding-bottom:var(--wp--preset--spacing--50);padding-left:var(--wp--preset--spacing--50)\">\n<figure class=\"wp-block-image aligncenter size-large is-resized\"><img loading=\"lazy\" decoding=\"async\" width=\"1024\" height=\"939\" src=\"https:\/\/kangouroukit.com\/new\/wp-content\/uploads\/2025\/02\/picto-membre-1024x939.png\" alt=\"\" class=\"wp-image-56\" style=\"width:46px;height:auto\" srcset=\"https:\/\/kangouroukit.com\/wp-content\/uploads\/2025\/02\/picto-membre-1024x939.png 1024w, https:\/\/kangouroukit.com\/wp-content\/uploads\/2025\/02\/picto-membre-300x275.png 300w, https:\/\/kangouroukit.com\/wp-content\/uploads\/2025\/02\/picto-membre-768x704.png 768w, https:\/\/kangouroukit.com\/wp-content\/uploads\/2025\/02\/picto-membre-1536x1409.png 1536w, https:\/\/kangouroukit.com\/wp-content\/uploads\/2025\/02\/picto-membre.png 2004w\" sizes=\"auto, (max-width: 1024px) 100vw, 1024px\" \/><\/figure>\n\n\n\n<h4 class=\"wp-block-heading has-text-align-center\">Rejoignez l\u2019association<\/h4>\n\n\n\n<div class=\"wp-block-buttons is-content-justification-center is-layout-flex wp-container-core-buttons-is-layout-a89b3969 wp-block-buttons-is-layout-flex\"><\/div>\n\n\n\n<iframe id=\"haWidget\" allowtransparency=\"true\" src=\"https:\/\/www.helloasso.com\/associations\/kangourou-kit\/adhesions\/devenir-membre-de-kangourou-kit-4\/widget-vignette\" style=\"width: 350px; height: 450px; border: none;\"><\/iframe>\n<\/div>\n<\/div>\n<\/div>\n<\/div>\n\n\n\n<p><\/p>\n","protected":false},"excerpt":{"rendered":"<p>Participez \u00e0 l&rsquo;aventure Kangourou Kit Vous souhaitez vous aussi pouvoir impacter la vie des futures mamans et des b\u00e9b\u00e9s en R\u00e9publique du Congo ? Plusieurs solutions sont possible pour contribuer. Faites un don \u00e0 l\u2019association (EN EUROS) Par virement bancaire Kangourou KitIBAN : FR 76 10278091100002009190188BIC : CMCI FR 2A Par ch\u00e8que Kangourou Kit, 62 [&hellip;]<\/p>\n","protected":false},"author":1,"featured_media":0,"parent":0,"menu_order":0,"comment_status":"closed","ping_status":"closed","template":"","meta":{"footnotes":""},"class_list":["post-50","page","type-page","status-publish","hentry"],"_links":{"self":[{"href":"https:\/\/kangouroukit.com\/index.php?rest_route=\/wp\/v2\/pages\/50","targetHints":{"allow":["GET"]}}],"collection":[{"href":"https:\/\/kangouroukit.com\/index.php?rest_route=\/wp\/v2\/pages"}],"about":[{"href":"https:\/\/kangouroukit.com\/index.php?rest_route=\/wp\/v2\/types\/page"}],"author":[{"embeddable":true,"href":"https:\/\/kangouroukit.com\/index.php?rest_route=\/wp\/v2\/users\/1"}],"replies":[{"embeddable":true,"href":"https:\/\/kangouroukit.com\/index.php?rest_route=%2Fwp%2Fv2%2Fcomments&post=50"}],"version-history":[{"count":10,"href":"https:\/\/kangouroukit.com\/index.php?rest_route=\/wp\/v2\/pages\/50\/revisions"}],"predecessor-version":[{"id":329,"href":"https:\/\/kangouroukit.com\/index.php?rest_route=\/wp\/v2\/pages\/50\/revisions\/329"}],"wp:attachment":[{"href":"https:\/\/kangouroukit.com\/index.php?rest_route=%2Fwp%2Fv2%2Fmedia&parent=50"}],"curies":[{"name":"wp","href":"https:\/\/api.w.org\/{rel}","templated":true}]}}